{"id":2192,"date":"2025-11-19T14:10:01","date_gmt":"2025-11-19T12:10:01","guid":{"rendered":"https:\/\/casino-bk-site41.top\/?page_id=2192"},"modified":"2025-11-19T14:10:01","modified_gmt":"2025-11-19T12:10:01","slug":"m%c9%99xfilik-siyas%c9%99ti","status":"publish","type":"page","link":"https:\/\/casino-bk-site41.top\/az\/m%c9%99xfilik-siyas%c9%99ti\/","title":{"rendered":"M\u0259xfilik Siyas\u0259ti"},"content":{"rendered":"<h1>M\u0259xfilik: M\u0259lumatlar\u0131n\u0131z\u0131n Qorunmas\u0131<\/h1>\n<p>M\u0259xfilik h\u00fcququnuza d\u0259y\u0259r veririk. Bu s\u0259n\u0259dd\u0259 hans\u0131 m\u0259lumatlar\u0131 toplad\u0131\u011f\u0131m\u0131z, nec\u0259 emal etdiyimiz v\u0259 n\u0259 \u00fc\u00e7\u00fcn istifad\u0259 etdiyimiz izah olunur. B\u00fct\u00fcn t\u0259tbiq olunan qanunlara riay\u0259t etm\u0259y\u0259 v\u0259 y\u00fcks\u0259k m\u0259lumat t\u0259hl\u00fck\u0259sizliyi standartlar\u0131n\u0131 qoruma\u011fa \u00e7al\u0131\u015f\u0131r\u0131q.<\/p>\n<p>Veb sayt\u0131m\u0131zdan istifad\u0259 etm\u0259y\u0259 davam etm\u0259kl\u0259, siz bu siyas\u0259tin \u015f\u0259rtl\u0259rini q\u0259bul etmi\u015f olursunuz.<\/p>\n<h3>M\u0259lumatlar\u0131n Emal\u0131 Prinsipl\u0259ri<\/h3>\n<p>Toplad\u0131\u011f\u0131m\u0131z m\u0259lumatlardan yaln\u0131z g\u00f6st\u0259ril\u0259n m\u0259qs\u0259dl\u0259r \u00fc\u00e7\u00fcn istifad\u0259 edirik. Qanunla t\u0259l\u0259b olunmad\u0131\u011f\u0131 t\u0259qdird\u0259 \u015f\u0259xsi m\u0259lumatlar\u0131n\u0131z\u0131 \u00fc\u00e7\u00fcnc\u00fc t\u0259r\u0259fl\u0259rl\u0259 payla\u015fm\u0131r\u0131q v\u0259 qanuni \u00f6hd\u0259likl\u0259rimiz\u0259 zidd m\u0259qs\u0259dl\u0259r \u00fc\u00e7\u00fcn istifad\u0259 etmirik. \u015e\u0259ffafl\u0131q, t\u0259hl\u00fck\u0259sizlik v\u0259 qanunilik \u015f\u0259xsi m\u0259lumatlar\u0131n\u0131zla i\u015fl\u0259m\u0259kd\u0259 \u0259sas prinsipl\u0259rimizdir.<\/p>\n<h3>T\u0259hl\u00fck\u0259sizlik T\u0259dbirl\u0259ri<\/h3>\n<p>M\u0259lumatlar\u0131n\u0131z\u0131 qorumaq \u00fc\u00e7\u00fcn \u015fifr\u0259l\u0259m\u0259, ciddi giri\u015f n\u0259zar\u0259ti v\u0259 davaml\u0131 t\u0259hdid monitorinqi daxil olmaqla m\u00fcasir texnologiyalardan istifad\u0259 edirik. Yaln\u0131z v\u0259zif\u0259l\u0259ri birba\u015fa onun emal\u0131 il\u0259 \u0259laq\u0259li olan i\u015f\u00e7il\u0259r m\u0259lumat\u0131n\u0131za daxil ola bil\u0259rl\u0259r. B\u00fct\u00fcn m\u0259lumatlar\u0131n emal\u0131 ciddi m\u0259xfilik \u015f\u0259raitind\u0259 v\u0259 daxili t\u0259hl\u00fck\u0259sizlik qaydalar\u0131na uy\u011fun olaraq h\u0259yata ke\u00e7irilir.<\/p>\n<h3>\u015e\u0259xsi M\u0259lumatlar\u0131n Toplanmas\u0131<\/h3>\n<p>Sizd\u0259n ad\u0131n\u0131z, \u0259laq\u0259 m\u0259lumatlar\u0131n\u0131z, e-po\u00e7t \u00fcnvan\u0131n\u0131z, IP \u00fcnvan\u0131n\u0131z v\u0259 veb sayt f\u0259aliyy\u0259tinizin t\u0259f\u0259rr\u00fcatlar\u0131 kimi m\u0259lumatlar\u0131 t\u0259l\u0259b ed\u0259 bil\u0259rik. Bu m\u0259lumatlar\u0131 yaln\u0131z sizin k\u00f6n\u00fcll\u00fc raz\u0131l\u0131\u011f\u0131n\u0131zla, m\u0259s\u0259l\u0259n, qeydiyyatdan ke\u00e7diyiniz v\u0259 ya m\u00fc\u0259yy\u0259n funksiyalardan istifad\u0259 etdiyiniz zaman toplay\u0131r\u0131q. M\u00fc\u0259yy\u0259n m\u0259lumatlar\u0131 t\u0259qdim etm\u0259m\u0259yi se\u00e7s\u0259niz, b\u0259zi xidm\u0259tl\u0259r\u0259 giri\u015f m\u0259hdudla\u015fd\u0131r\u0131la bil\u0259r.<\/p>\n<h3>M\u0259lumatdan \u0130stifad\u0259 M\u0259qs\u0259dl\u0259ri<\/h3>\n<p>Toplanan m\u0259lumatlar biz\u0259 veb sayt funksiyalar\u0131na giri\u015f imkan\u0131 verm\u0259y\u0259, xidm\u0259timizi t\u0259kmill\u0259\u015fdirm\u0259y\u0259, texniki d\u0259st\u0259k g\u00f6st\u0259rm\u0259y\u0259 v\u0259 sizi x\u0259b\u0259rl\u0259r v\u0259 t\u0259klifl\u0259r bar\u0259d\u0259 m\u0259lumatland\u0131rma\u011fa imkan verir. Bu m\u0259lumat h\u0259m\u00e7inin interfeysi v\u0259 m\u0259zmunu f\u0259rdil\u0259\u015fdirm\u0259y\u0259, onlar\u0131 sizin \u00fc\u00e7\u00fcn daha rahat v\u0259 aktual hala g\u0259tirm\u0259y\u0259 k\u00f6m\u0259k edir.<\/p>\n<h3>Kukil\u0259rd\u0259n \u0130stifad\u0259<\/h3>\n<p>Veb sayt\u0131m\u0131z se\u00e7iml\u0259rinizi saxlamaq, istifad\u0259\u00e7i davran\u0131\u015f\u0131n\u0131 t\u0259hlil etm\u0259k v\u0259 performans\u0131 art\u0131rmaq \u00fc\u00e7\u00fcn kukil\u0259rd\u0259n istifad\u0259 edir. Bu, interfeysimizi daha istifad\u0259\u00e7i dostu v\u0259 intuitiv edir. Kukil\u0259ri m\u0259hdudla\u015fd\u0131rmaq v\u0259 ya bloklamaq \u00fc\u00e7\u00fcn brauzerinizin parametrl\u0259rini d\u0259yi\u015f\u0259 bil\u0259rsiniz, lakin unutmay\u0131n ki, bu, veb sayt\u0131n b\u0259zi hiss\u0259l\u0259rinin d\u00fczg\u00fcn i\u015fl\u0259m\u0259sin\u0259 t\u0259sir g\u00f6st\u0259r\u0259 bil\u0259r.<\/p>\n<h3>Anonim M\u0259lumatlar v\u0259 Analitika<\/h3>\n<p>H\u0259m\u00e7inin, sizi \u015f\u0259xs\u0259n m\u00fc\u0259yy\u0259n etm\u0259y\u0259n \u00fcmumil\u0259\u015fdirilmi\u015f m\u0259lumatlar toplaya bil\u0259rik. Bu m\u0259lumatlar yaln\u0131z analitika \u00fc\u00e7\u00fcn istifad\u0259 olunur, trendl\u0259ri izl\u0259m\u0259yimiz\u0259, interfeysi t\u0259kmill\u0259\u015fdirm\u0259yimiz\u0259 v\u0259 sayt strukturunu optimalla\u015fd\u0131rma\u011f\u0131m\u0131za k\u00f6m\u0259k edir.<\/p>\n<h3>M\u0259lumatlar\u0131n \u00dc\u00e7\u00fcnc\u00fc T\u0259r\u0259fl\u0259r\u0259 \u00d6t\u00fcr\u00fclm\u0259si<\/h3>\n<p>\u015e\u0259xsi m\u0259lumatlar\u0131n\u0131z yaln\u0131z qanunla t\u0259l\u0259b olunduqda v\u0259 ya sizin a\u00e7\u0131q raz\u0131l\u0131\u011f\u0131n\u0131zla \u00fc\u00e7\u00fcnc\u00fc t\u0259r\u0259fl\u0259r\u0259 \u00f6t\u00fcr\u00fcl\u0259 bil\u0259r. T\u0259r\u0259fda\u015flar v\u0259 \u00fc\u00e7\u00fcnc\u00fc t\u0259r\u0259f xidm\u0259tl\u0259ri il\u0259 i\u015fl\u0259y\u0259rk\u0259n, onlardan ox\u015far t\u0259hl\u00fck\u0259sizlik standartlar\u0131na riay\u0259t etm\u0259l\u0259rini t\u0259l\u0259b ed\u0259n m\u00fcqavil\u0259l\u0259r ba\u011flay\u0131r\u0131q.<\/p>\n<p>Veb sayt\u0131m\u0131zda \u00fc\u00e7\u00fcnc\u00fc t\u0259r\u0259f resurslar\u0131na ke\u00e7idl\u0259r ola bil\u0259r. Bu saytlar\u0131n m\u0259xfilik t\u0259cr\u00fcb\u0259l\u0259rin\u0259 g\u00f6r\u0259 m\u0259suliyy\u0259t da\u015f\u0131m\u0131r\u0131q v\u0259 onlara klikl\u0259m\u0259zd\u0259n \u0259vv\u0259l onlar\u0131n \u015f\u0259rtl\u0259rini oxuma\u011f\u0131n\u0131z\u0131 t\u00f6vsiy\u0259 edirik.<\/p>\n<h3>Siyas\u0259t Yenil\u0259m\u0259l\u0259ri<\/h3>\n<p>Bu siyas\u0259ti \u0259vv\u0259lc\u0259d\u0259n x\u0259b\u0259rdarl\u0131q etm\u0259d\u0259n d\u0259yi\u015fdirm\u0259k v\u0259 ya \u0259lav\u0259 etm\u0259k h\u00fcququmuzu \u00f6z\u00fcm\u00fczd\u0259 saxlay\u0131r\u0131q. B\u00fct\u00fcn d\u0259yi\u015fiklikl\u0259r bu s\u0259hif\u0259d\u0259 yerl\u0259\u015fdirildiyi andan q\u00fcvv\u0259y\u0259 minir. \u018fn son \u015f\u0259rtl\u0259rd\u0259n x\u0259b\u0259rdar olmaq \u00fc\u00e7\u00fcn bu s\u0259n\u0259di m\u00fct\u0259madi olaraq yoxlama\u011f\u0131n\u0131z\u0131 t\u00f6vsiy\u0259 edirik.<\/p>\n<h3>Ya\u015f M\u0259hdudiyy\u0259tl\u0259ri<\/h3>\n<p>Veb sayt\u0131m\u0131z 18 ya\u015fdan ki\u00e7ik \u015f\u0259xsl\u0259r \u00fc\u00e7\u00fcn n\u0259z\u0259rd\u0259 tutulmay\u0131b. Biz bil\u0259r\u0259kd\u0259n yetkinlik ya\u015f\u0131na \u00e7atmayanlardan m\u0259lumat toplam\u0131r\u0131q. 18 ya\u015fdan ki\u00e7ik bir istifad\u0259\u00e7inin veb sayt\u0131m\u0131zdan istifad\u0259 etdiyini a\u015fkar ets\u0259k, onun m\u0259lumatlar\u0131 silin\u0259c\u0259k v\u0259 giri\u015f m\u0259hdudla\u015fd\u0131r\u0131lacaq.<\/p>\n<h3>R\u0259y \u00fc\u00e7\u00fcn biziml\u0259 \u0259laq\u0259 saxlay\u0131n<\/h3>\n<p>M\u0259xfilik siyas\u0259timiz, m\u0259lumatlar\u0131n emal\u0131 il\u0259 ba\u011fl\u0131 h\u0259r hans\u0131 bir sual\u0131n\u0131z varsa v\u0259 ya qanun \u00e7\u0259r\u00e7iv\u0259sind\u0259 h\u00fcquqlar\u0131n\u0131zdan istifad\u0259 etm\u0259k ist\u0259yirsinizs\u0259, z\u0259hm\u0259t olmasa veb saytdak\u0131 \u0259laq\u0259 formas\u0131 vasit\u0259sil\u0259 biziml\u0259 \u0259laq\u0259 saxlay\u0131n. Sor\u011funuza tez v\u0259 m\u0259xfi cavab veril\u0259c\u0259yin\u0259 z\u0259man\u0259t veririk.<\/p>\n","protected":false},"excerpt":{"rendered":"<p>M\u0259xfilik: M\u0259lumatlar\u0131n\u0131z\u0131n Qorunmas\u0131 M\u0259xfilik h\u00fcququnuza d\u0259y\u0259r veririk. Bu s\u0259n\u0259dd\u0259 hans\u0131 m\u0259lumatlar\u0131 toplad\u0131\u011f\u0131m\u0131z, nec\u0259 emal etdiyimiz v\u0259 n\u0259 \u00fc\u00e7\u00fcn istifad\u0259 etdiyimiz izah olunur. B\u00fct\u00fcn t\u0259tbiq olunan qanunlara riay\u0259t etm\u0259y\u0259 v\u0259 y\u00fcks\u0259k m\u0259lumat t\u0259hl\u00fck\u0259sizliyi standartlar\u0131n\u0131 qoruma\u011fa \u00e7al\u0131\u015f\u0131r\u0131q. Veb sayt\u0131m\u0131zdan istifad\u0259 etm\u0259y\u0259 davam etm\u0259kl\u0259, siz bu siyas\u0259tin \u015f\u0259rtl\u0259rini q\u0259bul etmi\u015f olursunuz. M\u0259lumatlar\u0131n Emal\u0131 Prinsipl\u0259ri Toplad\u0131\u011f\u0131m\u0131z m\u0259lumatlardan yaln\u0131z g\u00f6st\u0259ril\u0259n [&hellip;]<\/p>\n","protected":false},"author":1,"featured_media":0,"parent":0,"menu_order":0,"comment_status":"closed","ping_status":"closed","template":"","meta":{"_acf_changed":false,"footnotes":""},"class_list":["post-2192","page","type-page","status-publish","hentry"],"acf":[],"yoast_head":"<!-- This site is optimized with the Yoast SEO plugin v27.0 - https:\/\/yoast.com\/product\/yoast-seo-wordpress\/ -->\n<title>M\u0259xfilik Siyas\u0259ti | 1xbet<\/title>\n<meta name=\"robots\" content=\"index, follow, max-snippet:-1, max-image-preview:large, max-video-preview:-1\" \/>\n<link rel=\"canonical\" href=\"https:\/\/casino-bk-site41.top\/az\/m\u0259xfilik-siyas\u0259ti\/\" \/>\n<meta property=\"og:locale\" content=\"ru_RU\" \/>\n<meta property=\"og:type\" content=\"article\" \/>\n<meta property=\"og:title\" content=\"M\u0259xfilik Siyas\u0259ti | 1xbet\" \/>\n<meta property=\"og:description\" content=\"M\u0259xfilik: M\u0259lumatlar\u0131n\u0131z\u0131n Qorunmas\u0131 M\u0259xfilik h\u00fcququnuza d\u0259y\u0259r veririk. Bu s\u0259n\u0259dd\u0259 hans\u0131 m\u0259lumatlar\u0131 toplad\u0131\u011f\u0131m\u0131z, nec\u0259 emal etdiyimiz v\u0259 n\u0259 \u00fc\u00e7\u00fcn istifad\u0259 etdiyimiz izah olunur. B\u00fct\u00fcn t\u0259tbiq olunan qanunlara riay\u0259t etm\u0259y\u0259 v\u0259 y\u00fcks\u0259k m\u0259lumat t\u0259hl\u00fck\u0259sizliyi standartlar\u0131n\u0131 qoruma\u011fa \u00e7al\u0131\u015f\u0131r\u0131q. Veb sayt\u0131m\u0131zdan istifad\u0259 etm\u0259y\u0259 davam etm\u0259kl\u0259, siz bu siyas\u0259tin \u015f\u0259rtl\u0259rini q\u0259bul etmi\u015f olursunuz. M\u0259lumatlar\u0131n Emal\u0131 Prinsipl\u0259ri Toplad\u0131\u011f\u0131m\u0131z m\u0259lumatlardan yaln\u0131z g\u00f6st\u0259ril\u0259n [&hellip;]\" \/>\n<meta property=\"og:url\" content=\"https:\/\/casino-bk-site41.top\/az\/m\u0259xfilik-siyas\u0259ti\/\" \/>\n<meta property=\"og:site_name\" content=\"casino-bk-site41.top\" \/>\n<meta name=\"twitter:card\" content=\"summary_large_image\" \/>\n<script type=\"application\/ld+json\" class=\"yoast-schema-graph\">{\"@context\":\"https:\/\/schema.org\",\"@graph\":[{\"@type\":\"WebPage\",\"@id\":\"https:\/\/casino-bk-site41.top\/az\/m%c9%99xfilik-siyas%c9%99ti\/\",\"url\":\"https:\/\/casino-bk-site41.top\/az\/m%c9%99xfilik-siyas%c9%99ti\/\",\"name\":\"M\u0259xfilik Siyas\u0259ti | 1xbet\",\"isPartOf\":{\"@id\":\"https:\/\/casino-bk-site41.top\/#website\"},\"datePublished\":\"2025-11-19T12:10:01+00:00\",\"breadcrumb\":{\"@id\":\"https:\/\/casino-bk-site41.top\/az\/m%c9%99xfilik-siyas%c9%99ti\/#breadcrumb\"},\"inLanguage\":\"ru-RU\",\"potentialAction\":[{\"@type\":\"ReadAction\",\"target\":[\"https:\/\/casino-bk-site41.top\/az\/m%c9%99xfilik-siyas%c9%99ti\/\"]}]},{\"@type\":\"BreadcrumbList\",\"@id\":\"https:\/\/casino-bk-site41.top\/az\/m%c9%99xfilik-siyas%c9%99ti\/#breadcrumb\",\"itemListElement\":[{\"@type\":\"ListItem\",\"position\":1,\"name\":\"\u0413\u043b\u0430\u0432\u043d\u0430\u044f \u0441\u0442\u0440\u0430\u043d\u0438\u0446\u0430\",\"item\":\"https:\/\/casino-bk-site41.top\/\"},{\"@type\":\"ListItem\",\"position\":2,\"name\":\"M\u0259xfilik Siyas\u0259ti\"}]},{\"@type\":\"WebSite\",\"@id\":\"https:\/\/casino-bk-site41.top\/#website\",\"url\":\"https:\/\/casino-bk-site41.top\/\",\"name\":\"casino-bk-site41.top\",\"description\":\"\",\"potentialAction\":[{\"@type\":\"SearchAction\",\"target\":{\"@type\":\"EntryPoint\",\"urlTemplate\":\"https:\/\/casino-bk-site41.top\/?s={search_term_string}\"},\"query-input\":{\"@type\":\"PropertyValueSpecification\",\"valueRequired\":true,\"valueName\":\"search_term_string\"}}],\"inLanguage\":\"ru-RU\"}]}<\/script>\n<!-- \/ Yoast SEO plugin. -->","yoast_head_json":{"title":"M\u0259xfilik Siyas\u0259ti | 1xbet","robots":{"index":"index","follow":"follow","max-snippet":"max-snippet:-1","max-image-preview":"max-image-preview:large","max-video-preview":"max-video-preview:-1"},"canonical":"https:\/\/casino-bk-site41.top\/az\/m\u0259xfilik-siyas\u0259ti\/","og_locale":"ru_RU","og_type":"article","og_title":"M\u0259xfilik Siyas\u0259ti | 1xbet","og_description":"M\u0259xfilik: M\u0259lumatlar\u0131n\u0131z\u0131n Qorunmas\u0131 M\u0259xfilik h\u00fcququnuza d\u0259y\u0259r veririk. Bu s\u0259n\u0259dd\u0259 hans\u0131 m\u0259lumatlar\u0131 toplad\u0131\u011f\u0131m\u0131z, nec\u0259 emal etdiyimiz v\u0259 n\u0259 \u00fc\u00e7\u00fcn istifad\u0259 etdiyimiz izah olunur. B\u00fct\u00fcn t\u0259tbiq olunan qanunlara riay\u0259t etm\u0259y\u0259 v\u0259 y\u00fcks\u0259k m\u0259lumat t\u0259hl\u00fck\u0259sizliyi standartlar\u0131n\u0131 qoruma\u011fa \u00e7al\u0131\u015f\u0131r\u0131q. Veb sayt\u0131m\u0131zdan istifad\u0259 etm\u0259y\u0259 davam etm\u0259kl\u0259, siz bu siyas\u0259tin \u015f\u0259rtl\u0259rini q\u0259bul etmi\u015f olursunuz. M\u0259lumatlar\u0131n Emal\u0131 Prinsipl\u0259ri Toplad\u0131\u011f\u0131m\u0131z m\u0259lumatlardan yaln\u0131z g\u00f6st\u0259ril\u0259n [&hellip;]","og_url":"https:\/\/casino-bk-site41.top\/az\/m\u0259xfilik-siyas\u0259ti\/","og_site_name":"casino-bk-site41.top","twitter_card":"summary_large_image","schema":{"@context":"https:\/\/schema.org","@graph":[{"@type":"WebPage","@id":"https:\/\/casino-bk-site41.top\/az\/m%c9%99xfilik-siyas%c9%99ti\/","url":"https:\/\/casino-bk-site41.top\/az\/m%c9%99xfilik-siyas%c9%99ti\/","name":"M\u0259xfilik Siyas\u0259ti | 1xbet","isPartOf":{"@id":"https:\/\/casino-bk-site41.top\/#website"},"datePublished":"2025-11-19T12:10:01+00:00","breadcrumb":{"@id":"https:\/\/casino-bk-site41.top\/az\/m%c9%99xfilik-siyas%c9%99ti\/#breadcrumb"},"inLanguage":"ru-RU","potentialAction":[{"@type":"ReadAction","target":["https:\/\/casino-bk-site41.top\/az\/m%c9%99xfilik-siyas%c9%99ti\/"]}]},{"@type":"BreadcrumbList","@id":"https:\/\/casino-bk-site41.top\/az\/m%c9%99xfilik-siyas%c9%99ti\/#breadcrumb","itemListElement":[{"@type":"ListItem","position":1,"name":"\u0413\u043b\u0430\u0432\u043d\u0430\u044f \u0441\u0442\u0440\u0430\u043d\u0438\u0446\u0430","item":"https:\/\/casino-bk-site41.top\/"},{"@type":"ListItem","position":2,"name":"M\u0259xfilik Siyas\u0259ti"}]},{"@type":"WebSite","@id":"https:\/\/casino-bk-site41.top\/#website","url":"https:\/\/casino-bk-site41.top\/","name":"casino-bk-site41.top","description":"","potentialAction":[{"@type":"SearchAction","target":{"@type":"EntryPoint","urlTemplate":"https:\/\/casino-bk-site41.top\/?s={search_term_string}"},"query-input":{"@type":"PropertyValueSpecification","valueRequired":true,"valueName":"search_term_string"}}],"inLanguage":"ru-RU"}]}},"amp_enabled":true,"_links":{"self":[{"href":"https:\/\/casino-bk-site41.top\/wp-json\/wp\/v2\/pages\/2192","targetHints":{"allow":["GET"]}}],"collection":[{"href":"https:\/\/casino-bk-site41.top\/wp-json\/wp\/v2\/pages"}],"about":[{"href":"https:\/\/casino-bk-site41.top\/wp-json\/wp\/v2\/types\/page"}],"author":[{"embeddable":true,"href":"https:\/\/casino-bk-site41.top\/wp-json\/wp\/v2\/users\/1"}],"replies":[{"embeddable":true,"href":"https:\/\/casino-bk-site41.top\/wp-json\/wp\/v2\/comments?post=2192"}],"version-history":[{"count":1,"href":"https:\/\/casino-bk-site41.top\/wp-json\/wp\/v2\/pages\/2192\/revisions"}],"predecessor-version":[{"id":2193,"href":"https:\/\/casino-bk-site41.top\/wp-json\/wp\/v2\/pages\/2192\/revisions\/2193"}],"wp:attachment":[{"href":"https:\/\/casino-bk-site41.top\/wp-json\/wp\/v2\/media?parent=2192"}],"curies":[{"name":"wp","href":"https:\/\/api.w.org\/{rel}","templated":true}]}}