{"id":2184,"date":"2025-11-19T14:08:06","date_gmt":"2025-11-19T12:08:06","guid":{"rendered":"https:\/\/casino-bk-site41.top\/?page_id=2184"},"modified":"2025-11-19T14:08:06","modified_gmt":"2025-11-19T12:08:06","slug":"sorumlu-oyun","status":"publish","type":"page","link":"https:\/\/casino-bk-site41.top\/tr\/sorumlu-oyun\/","title":{"rendered":"Sorumlu Oyun"},"content":{"rendered":"<h1>Sorumlu Oyuna Yeni Bir Bak\u0131\u015f<\/h1>\n<p>Kumar ger\u00e7ekten heyecan verici olabilir, ancak yaln\u0131zca sizin elinizde oldu\u011funda. Yaln\u0131zca bilin\u00e7li bir yakla\u015f\u0131m\u0131n oyun oynamay\u0131 ger\u00e7ekten g\u00fcvenli ve keyifli hale getirdi\u011fine inan\u0131yoruz. Bu nedenle sorumlu oyun oynama yakla\u015f\u0131m\u0131m\u0131z yaln\u0131zca bir dizi kuraldan ibaret de\u011fil, kullan\u0131c\u0131lar\u0131m\u0131z\u0131 desteklemeyi ve korumay\u0131 ama\u00e7layan b\u00fct\u00fcnsel bir felsefedir.<\/p>\n<h3>G\u00fcvenin Temeli Olarak \u015eeffafl\u0131k<\/h3>\n<p>Kullan\u0131c\u0131lar\u0131m\u0131za de\u011fer vermenin d\u00fcr\u00fcstl\u00fckle ba\u015flad\u0131\u011f\u0131na inan\u0131yoruz. Kumar\u0131n do\u011fas\u0131n\u0131 anlaman\u0131z \u00f6nemlidir; bu, h\u0131zl\u0131 zengin olma plan\u0131 veya finansal sorunlara bir \u00e7\u00f6z\u00fcm de\u011fildir. Amac\u0131m\u0131z, bilin\u00e7li kararlar alman\u0131z i\u00e7in ihtiyac\u0131n\u0131z olan t\u00fcm bilgileri size sa\u011flamakt\u0131r. Risk g\u00f6stergeleri hakk\u0131nda a\u00e7\u0131k\u00e7a konu\u015fuyor ve kontrol\u00fc kaybetmeden oyununuzun keyfini \u00e7\u0131karabilmeniz i\u00e7in \u00f6zdenetim ara\u00e7lar\u0131 sunuyoruz.<\/p>\n<h3>Kontrol\u00fc Sa\u011flama Ara\u00e7lar\u0131<\/h3>\n<p>Ki\u015fisel s\u0131n\u0131rlar\u0131n\u0131z \u00e7ok \u00f6nemlidir. Size oyun oynaman\u0131z \u00fczerinde tam kontrol sa\u011fl\u0131yoruz, dayatm\u0131yoruz. Kendi s\u0131n\u0131rlar\u0131n\u0131z\u0131 belirleyebilir, oyunu duraklatabilir veya hatta hesab\u0131n\u0131z\u0131 ge\u00e7ici olarak bloke edebilirsiniz. Bunlar k\u0131s\u0131tlamalar de\u011fil, deneyiminizi y\u00f6netmenize yard\u0131mc\u0131 olan, konforlu ve g\u00fcvenli hale getiren ara\u00e7lard\u0131r.<\/p>\n<h3>Yeniden Ba\u015flatma \u2013 Basit ve Etkili<\/h3>\n<p>Yorgun hissediyorsan\u0131z veya ara vermek istiyorsan\u0131z, g\u00f6n\u00fcll\u00fc yasaklama \u00f6zelli\u011fimiz oyun oynamaya ara vermenize yard\u0131mc\u0131 olacakt\u0131r. Verilerinizi kaybetmeden bir ad\u0131m geri \u00e7ekilme f\u0131rsat\u0131d\u0131r. Bunu bir k\u0131s\u0131tlama olarak de\u011fil, bir s\u0131f\u0131rlama olarak d\u00fc\u015f\u00fcn\u00fcn.<\/p>\n<h3>Yard\u0131m \u0130stemek Bir G\u00fc\u00e7 \u0130\u015faretidir<\/h3>\n<p>Zorluklar hakk\u0131nda konu\u015fman\u0131n zor olabilece\u011fini anl\u0131yoruz, ancak zaman\u0131nda yard\u0131m istemek en g\u00fc\u00e7l\u00fc ad\u0131md\u0131r. Destek ekibimiz sizi her zaman sayg\u0131 ve tam bir gizlilikle dinlemeye haz\u0131rd\u0131r. Ayr\u0131ca, nitelikli yard\u0131m sa\u011flayabilecek profesyonel kurulu\u015flarla da i\u015f birli\u011fi yap\u0131yoruz. Sorununuzla asla yaln\u0131z b\u0131rak\u0131lmayacaks\u0131n\u0131z.<\/p>\n<h3>Her Mesajda Etik<\/h3>\n<p>Reklam ve ileti\u015fimimiz d\u00fcr\u00fcstl\u00fck \u00fczerine kuruludur. Kazan\u00e7 vaat etmiyor veya manip\u00fclatif taktikler kullanm\u0131yoruz. Amac\u0131m\u0131z sizi kat\u0131lmaya zorlamak de\u011fil, e\u011flendirmektir. \u00d6zg\u00fcr se\u00e7iminize sayg\u0131 duyuyoruz ve oyun oynaman\u0131n bask\u0131c\u0131 de\u011fil, e\u011flenceli olmas\u0131 gerekti\u011fine inan\u0131yoruz.<\/p>\n","protected":false},"excerpt":{"rendered":"<p>Sorumlu Oyuna Yeni Bir Bak\u0131\u015f Kumar ger\u00e7ekten heyecan verici olabilir, ancak yaln\u0131zca sizin elinizde oldu\u011funda. Yaln\u0131zca bilin\u00e7li bir yakla\u015f\u0131m\u0131n oyun oynamay\u0131 ger\u00e7ekten g\u00fcvenli ve keyifli hale getirdi\u011fine inan\u0131yoruz. Bu nedenle sorumlu oyun oynama yakla\u015f\u0131m\u0131m\u0131z yaln\u0131zca bir dizi kuraldan ibaret de\u011fil, kullan\u0131c\u0131lar\u0131m\u0131z\u0131 desteklemeyi ve korumay\u0131 ama\u00e7layan b\u00fct\u00fcnsel bir felsefedir. G\u00fcvenin Temeli Olarak \u015eeffafl\u0131k Kullan\u0131c\u0131lar\u0131m\u0131za de\u011fer vermenin [&hellip;]<\/p>\n","protected":false},"author":1,"featured_media":0,"parent":0,"menu_order":0,"comment_status":"closed","ping_status":"closed","template":"","meta":{"_acf_changed":false,"footnotes":""},"class_list":["post-2184","page","type-page","status-publish","hentry"],"acf":[],"yoast_head":"<!-- This site is optimized with the Yoast SEO plugin v27.0 - https:\/\/yoast.com\/product\/yoast-seo-wordpress\/ -->\n<title>Sorumlu Oyun | 1xbet<\/title>\n<meta name=\"robots\" content=\"index, follow, max-snippet:-1, max-image-preview:large, max-video-preview:-1\" \/>\n<link rel=\"canonical\" href=\"https:\/\/casino-bk-site41.top\/tr\/sorumlu-oyun\/\" \/>\n<meta property=\"og:locale\" content=\"ru_RU\" \/>\n<meta property=\"og:type\" content=\"article\" \/>\n<meta property=\"og:title\" content=\"Sorumlu Oyun | 1xbet\" \/>\n<meta property=\"og:description\" content=\"Sorumlu Oyuna Yeni Bir Bak\u0131\u015f Kumar ger\u00e7ekten heyecan verici olabilir, ancak yaln\u0131zca sizin elinizde oldu\u011funda. Yaln\u0131zca bilin\u00e7li bir yakla\u015f\u0131m\u0131n oyun oynamay\u0131 ger\u00e7ekten g\u00fcvenli ve keyifli hale getirdi\u011fine inan\u0131yoruz. Bu nedenle sorumlu oyun oynama yakla\u015f\u0131m\u0131m\u0131z yaln\u0131zca bir dizi kuraldan ibaret de\u011fil, kullan\u0131c\u0131lar\u0131m\u0131z\u0131 desteklemeyi ve korumay\u0131 ama\u00e7layan b\u00fct\u00fcnsel bir felsefedir. G\u00fcvenin Temeli Olarak \u015eeffafl\u0131k Kullan\u0131c\u0131lar\u0131m\u0131za de\u011fer vermenin [&hellip;]\" \/>\n<meta property=\"og:url\" content=\"https:\/\/casino-bk-site41.top\/tr\/sorumlu-oyun\/\" \/>\n<meta property=\"og:site_name\" content=\"casino-bk-site41.top\" \/>\n<meta name=\"twitter:card\" content=\"summary_large_image\" \/>\n<script type=\"application\/ld+json\" class=\"yoast-schema-graph\">{\"@context\":\"https:\/\/schema.org\",\"@graph\":[{\"@type\":\"WebPage\",\"@id\":\"https:\/\/casino-bk-site41.top\/tr\/sorumlu-oyun\/\",\"url\":\"https:\/\/casino-bk-site41.top\/tr\/sorumlu-oyun\/\",\"name\":\"Sorumlu Oyun | 1xbet\",\"isPartOf\":{\"@id\":\"https:\/\/casino-bk-site41.top\/#website\"},\"datePublished\":\"2025-11-19T12:08:06+00:00\",\"breadcrumb\":{\"@id\":\"https:\/\/casino-bk-site41.top\/tr\/sorumlu-oyun\/#breadcrumb\"},\"inLanguage\":\"ru-RU\",\"potentialAction\":[{\"@type\":\"ReadAction\",\"target\":[\"https:\/\/casino-bk-site41.top\/tr\/sorumlu-oyun\/\"]}]},{\"@type\":\"BreadcrumbList\",\"@id\":\"https:\/\/casino-bk-site41.top\/tr\/sorumlu-oyun\/#breadcrumb\",\"itemListElement\":[{\"@type\":\"ListItem\",\"position\":1,\"name\":\"\u0413\u043b\u0430\u0432\u043d\u0430\u044f \u0441\u0442\u0440\u0430\u043d\u0438\u0446\u0430\",\"item\":\"https:\/\/casino-bk-site41.top\/\"},{\"@type\":\"ListItem\",\"position\":2,\"name\":\"Sorumlu Oyun\"}]},{\"@type\":\"WebSite\",\"@id\":\"https:\/\/casino-bk-site41.top\/#website\",\"url\":\"https:\/\/casino-bk-site41.top\/\",\"name\":\"casino-bk-site41.top\",\"description\":\"\",\"potentialAction\":[{\"@type\":\"SearchAction\",\"target\":{\"@type\":\"EntryPoint\",\"urlTemplate\":\"https:\/\/casino-bk-site41.top\/?s={search_term_string}\"},\"query-input\":{\"@type\":\"PropertyValueSpecification\",\"valueRequired\":true,\"valueName\":\"search_term_string\"}}],\"inLanguage\":\"ru-RU\"}]}<\/script>\n<!-- \/ Yoast SEO plugin. -->","yoast_head_json":{"title":"Sorumlu Oyun | 1xbet","robots":{"index":"index","follow":"follow","max-snippet":"max-snippet:-1","max-image-preview":"max-image-preview:large","max-video-preview":"max-video-preview:-1"},"canonical":"https:\/\/casino-bk-site41.top\/tr\/sorumlu-oyun\/","og_locale":"ru_RU","og_type":"article","og_title":"Sorumlu Oyun | 1xbet","og_description":"Sorumlu Oyuna Yeni Bir Bak\u0131\u015f Kumar ger\u00e7ekten heyecan verici olabilir, ancak yaln\u0131zca sizin elinizde oldu\u011funda. Yaln\u0131zca bilin\u00e7li bir yakla\u015f\u0131m\u0131n oyun oynamay\u0131 ger\u00e7ekten g\u00fcvenli ve keyifli hale getirdi\u011fine inan\u0131yoruz. Bu nedenle sorumlu oyun oynama yakla\u015f\u0131m\u0131m\u0131z yaln\u0131zca bir dizi kuraldan ibaret de\u011fil, kullan\u0131c\u0131lar\u0131m\u0131z\u0131 desteklemeyi ve korumay\u0131 ama\u00e7layan b\u00fct\u00fcnsel bir felsefedir. G\u00fcvenin Temeli Olarak \u015eeffafl\u0131k Kullan\u0131c\u0131lar\u0131m\u0131za de\u011fer vermenin [&hellip;]","og_url":"https:\/\/casino-bk-site41.top\/tr\/sorumlu-oyun\/","og_site_name":"casino-bk-site41.top","twitter_card":"summary_large_image","schema":{"@context":"https:\/\/schema.org","@graph":[{"@type":"WebPage","@id":"https:\/\/casino-bk-site41.top\/tr\/sorumlu-oyun\/","url":"https:\/\/casino-bk-site41.top\/tr\/sorumlu-oyun\/","name":"Sorumlu Oyun | 1xbet","isPartOf":{"@id":"https:\/\/casino-bk-site41.top\/#website"},"datePublished":"2025-11-19T12:08:06+00:00","breadcrumb":{"@id":"https:\/\/casino-bk-site41.top\/tr\/sorumlu-oyun\/#breadcrumb"},"inLanguage":"ru-RU","potentialAction":[{"@type":"ReadAction","target":["https:\/\/casino-bk-site41.top\/tr\/sorumlu-oyun\/"]}]},{"@type":"BreadcrumbList","@id":"https:\/\/casino-bk-site41.top\/tr\/sorumlu-oyun\/#breadcrumb","itemListElement":[{"@type":"ListItem","position":1,"name":"\u0413\u043b\u0430\u0432\u043d\u0430\u044f \u0441\u0442\u0440\u0430\u043d\u0438\u0446\u0430","item":"https:\/\/casino-bk-site41.top\/"},{"@type":"ListItem","position":2,"name":"Sorumlu Oyun"}]},{"@type":"WebSite","@id":"https:\/\/casino-bk-site41.top\/#website","url":"https:\/\/casino-bk-site41.top\/","name":"casino-bk-site41.top","description":"","potentialAction":[{"@type":"SearchAction","target":{"@type":"EntryPoint","urlTemplate":"https:\/\/casino-bk-site41.top\/?s={search_term_string}"},"query-input":{"@type":"PropertyValueSpecification","valueRequired":true,"valueName":"search_term_string"}}],"inLanguage":"ru-RU"}]}},"amp_enabled":true,"_links":{"self":[{"href":"https:\/\/casino-bk-site41.top\/wp-json\/wp\/v2\/pages\/2184","targetHints":{"allow":["GET"]}}],"collection":[{"href":"https:\/\/casino-bk-site41.top\/wp-json\/wp\/v2\/pages"}],"about":[{"href":"https:\/\/casino-bk-site41.top\/wp-json\/wp\/v2\/types\/page"}],"author":[{"embeddable":true,"href":"https:\/\/casino-bk-site41.top\/wp-json\/wp\/v2\/users\/1"}],"replies":[{"embeddable":true,"href":"https:\/\/casino-bk-site41.top\/wp-json\/wp\/v2\/comments?post=2184"}],"version-history":[{"count":1,"href":"https:\/\/casino-bk-site41.top\/wp-json\/wp\/v2\/pages\/2184\/revisions"}],"predecessor-version":[{"id":2185,"href":"https:\/\/casino-bk-site41.top\/wp-json\/wp\/v2\/pages\/2184\/revisions\/2185"}],"wp:attachment":[{"href":"https:\/\/casino-bk-site41.top\/wp-json\/wp\/v2\/media?parent=2184"}],"curies":[{"name":"wp","href":"https:\/\/api.w.org\/{rel}","templated":true}]}}