{"id":2178,"date":"2025-11-19T14:06:46","date_gmt":"2025-11-19T12:06:46","guid":{"rendered":"https:\/\/casino-bk-site41.top\/?page_id=2178"},"modified":"2025-11-19T14:06:46","modified_gmt":"2025-11-19T12:06:46","slug":"m%c9%99suliyy%c9%99tli-oyun","status":"publish","type":"page","link":"https:\/\/casino-bk-site41.top\/az\/m%c9%99suliyy%c9%99tli-oyun\/","title":{"rendered":"M\u0259suliyy\u0259tli Oyun"},"content":{"rendered":"<h1>M\u0259suliyy\u0259tli Oyunlara Yeni Bax\u0131\u015f<\/h1>\n<p>Qumar oyunlar\u0131 h\u0259qiq\u0259t\u0259n h\u0259y\u0259canverici ola bil\u0259r, ancaq yaln\u0131z \u0259linizd\u0259 olduqda. Biz inan\u0131r\u0131q ki, yaln\u0131z \u015f\u00fcurlu bir yana\u015fma oyunlar\u0131 h\u0259qiq\u0259t\u0259n t\u0259hl\u00fck\u0259siz v\u0259 \u0259yl\u0259nc\u0259li edir. Buna g\u00f6r\u0259 d\u0259 m\u0259suliyy\u0259tli oyunlara yana\u015fmam\u0131z sad\u0259c\u0259 bir s\u0131ra qaydalar deyil, istifad\u0259\u00e7il\u0259rimizi d\u0259st\u0259kl\u0259m\u0259y\u0259 v\u0259 qoruma\u011fa y\u00f6n\u0259lmi\u015f b\u00fct\u00f6v bir f\u0259ls\u0259f\u0259dir.<\/p>\n<h3>Etibar\u0131n T\u0259m\u0259li kimi \u015e\u0259ffafl\u0131q<\/h3>\n<p>\u0130stifad\u0259\u00e7il\u0259rimiz\u0259 qay\u011f\u0131 g\u00f6st\u0259rm\u0259yin d\u00fcr\u00fcstl\u00fckd\u0259n ba\u015flad\u0131\u011f\u0131na inan\u0131r\u0131q. Qumar oyunlar\u0131n\u0131n t\u0259bi\u0259tini ba\u015fa d\u00fc\u015fm\u0259yiniz vacibdir &#8212; bu, tez bir zamanda varlanmaq \u00fc\u00e7\u00fcn bir sxem v\u0259 ya maliyy\u0259 probleml\u0259rinin h\u0259lli deyil. M\u0259qs\u0259dimiz siz\u0259 m\u0259lumatl\u0131 q\u0259rarlar q\u0259bul etm\u0259k \u00fc\u00e7\u00fcn laz\u0131m olan b\u00fct\u00fcn m\u0259lumatlar\u0131 t\u0259qdim etm\u0259kdir. Risk g\u00f6st\u0259ricil\u0259ri haqq\u0131nda a\u00e7\u0131q dan\u0131\u015f\u0131r\u0131q v\u0259 n\u0259zar\u0259ti itirm\u0259d\u0259n oyununuzdan z\u00f6vq ala bilm\u0259yiniz \u00fc\u00e7\u00fcn \u00f6z\u00fcn\u00fct\u0259nziml\u0259m\u0259 vasit\u0259l\u0259ri t\u0259klif edirik.<\/p>\n<h3>N\u0259zar\u0259ti Saxlamaq \u00fc\u00e7\u00fcn Al\u0259tl\u0259r<\/h3>\n<p>\u015e\u0259xsi s\u0259rh\u0259dl\u0259riniz \u0259n vacibdir. Oyununuz \u00fcz\u0259rind\u0259 tam n\u0259zar\u0259ti siz\u0259 veririk, onu t\u0259tbiq etmirik. \u00d6z limitl\u0259rinizi t\u0259yin ed\u0259, oyunu dayand\u0131ra v\u0259 ya h\u0259tta hesab\u0131n\u0131z\u0131 m\u00fcv\u0259qq\u0259ti olaraq bloklaya bil\u0259rsiniz. Bunlar m\u0259hdudiyy\u0259tl\u0259r deyil, t\u0259cr\u00fcb\u0259nizi idar\u0259 etm\u0259y\u0259 k\u00f6m\u0259k ed\u0259n, onu rahat v\u0259 t\u0259hl\u00fck\u0259siz ed\u0259n vasit\u0259l\u0259rdir.<\/p>\n<h3>Yenid\u0259n ba\u015flatma \u2013 Sad\u0259 v\u0259 Effektiv<\/h3>\n<p>\u018fg\u0259r \u00f6z\u00fcn\u00fcz\u00fc yor\u011fun hiss edirsinizs\u0259 v\u0259 ya fasil\u0259 verm\u0259k ist\u0259yirsinizs\u0259, k\u00f6n\u00fcll\u00fc qada\u011fa x\u00fcsusiyy\u0259timiz oyunlardan fasil\u0259 verm\u0259yiniz\u0259 k\u00f6m\u0259k ed\u0259c\u0259k. Bu, m\u0259lumatlar\u0131n\u0131z\u0131 itirm\u0259d\u0259n bir add\u0131m geri \u00e7\u0259kilm\u0259k \u00fc\u00e7\u00fcn bir f\u00fcrs\u0259tdir. Bunu m\u0259hdudiyy\u0259t yox, s\u0131f\u0131rlama kimi d\u00fc\u015f\u00fcn\u00fcn.<\/p>\n<h3>K\u00f6m\u0259k ist\u0259m\u0259k G\u00fcc \u018flam\u0259tidir<\/h3>\n<p>\u00c7\u0259tinlikl\u0259r bar\u0259d\u0259 dan\u0131\u015fma\u011f\u0131n \u00e7\u0259tin ola bil\u0259c\u0259yini ba\u015fa d\u00fc\u015f\u00fcr\u00fck, lakin vaxt\u0131nda k\u00f6m\u0259k ist\u0259m\u0259k \u0259n g\u00fccl\u00fc add\u0131md\u0131r. D\u0259st\u0259k qrupumuz h\u0259mi\u015f\u0259 h\u00f6rm\u0259tl\u0259 v\u0259 tam m\u0259xfilikl\u0259 sizi dinl\u0259m\u0259y\u0259 haz\u0131rd\u0131r. H\u0259m\u00e7inin ixtisasl\u0131 yard\u0131m g\u00f6st\u0259r\u0259 bil\u0259c\u0259k pe\u015f\u0259kar t\u0259\u015fkilatlarla t\u0259r\u0259fda\u015fl\u0131q edirik. Probleminizl\u0259 he\u00e7 vaxt t\u0259k qalmayacaqs\u0131n\u0131z.<\/p>\n<h3>H\u0259r Mesajda Etika<\/h3>\n<p>Reklam v\u0259 kommunikasiyalar\u0131m\u0131z d\u00fcr\u00fcstl\u00fck \u00fcz\u0259rind\u0259 qurulub. Qazanc v\u0259d etmirik v\u0259 ya manipulyativ taktikalardan istifad\u0259 etmirik. M\u0259qs\u0259dimiz sizi i\u015ftirak etm\u0259y\u0259 m\u0259cbur etm\u0259k deyil, \u0259yl\u0259nc\u0259 t\u0259min etm\u0259kdir. S\u0259rb\u0259st se\u00e7iminiz\u0259 h\u00f6rm\u0259tl\u0259 yana\u015f\u0131r\u0131q v\u0259 oyunlar\u0131n t\u0259zyiq alt\u0131nda deyil, \u0259yl\u0259nc\u0259li olmas\u0131 laz\u0131m oldu\u011funa inan\u0131r\u0131q.<\/p>\n","protected":false},"excerpt":{"rendered":"<p>M\u0259suliyy\u0259tli Oyunlara Yeni Bax\u0131\u015f Qumar oyunlar\u0131 h\u0259qiq\u0259t\u0259n h\u0259y\u0259canverici ola bil\u0259r, ancaq yaln\u0131z \u0259linizd\u0259 olduqda. Biz inan\u0131r\u0131q ki, yaln\u0131z \u015f\u00fcurlu bir yana\u015fma oyunlar\u0131 h\u0259qiq\u0259t\u0259n t\u0259hl\u00fck\u0259siz v\u0259 \u0259yl\u0259nc\u0259li edir. Buna g\u00f6r\u0259 d\u0259 m\u0259suliyy\u0259tli oyunlara yana\u015fmam\u0131z sad\u0259c\u0259 bir s\u0131ra qaydalar deyil, istifad\u0259\u00e7il\u0259rimizi d\u0259st\u0259kl\u0259m\u0259y\u0259 v\u0259 qoruma\u011fa y\u00f6n\u0259lmi\u015f b\u00fct\u00f6v bir f\u0259ls\u0259f\u0259dir. Etibar\u0131n T\u0259m\u0259li kimi \u015e\u0259ffafl\u0131q \u0130stifad\u0259\u00e7il\u0259rimiz\u0259 qay\u011f\u0131 g\u00f6st\u0259rm\u0259yin d\u00fcr\u00fcstl\u00fckd\u0259n ba\u015flad\u0131\u011f\u0131na [&hellip;]<\/p>\n","protected":false},"author":1,"featured_media":0,"parent":0,"menu_order":0,"comment_status":"closed","ping_status":"closed","template":"","meta":{"_acf_changed":false,"footnotes":""},"class_list":["post-2178","page","type-page","status-publish","hentry"],"acf":[],"yoast_head":"<!-- This site is optimized with the Yoast SEO plugin v27.0 - https:\/\/yoast.com\/product\/yoast-seo-wordpress\/ -->\n<title>M\u0259suliyy\u0259tli Oyun | 1xbet<\/title>\n<meta name=\"robots\" content=\"index, follow, max-snippet:-1, max-image-preview:large, max-video-preview:-1\" \/>\n<link rel=\"canonical\" href=\"https:\/\/casino-bk-site41.top\/az\/m\u0259suliyy\u0259tli-oyun\/\" \/>\n<meta property=\"og:locale\" content=\"ru_RU\" \/>\n<meta property=\"og:type\" content=\"article\" \/>\n<meta property=\"og:title\" content=\"M\u0259suliyy\u0259tli Oyun | 1xbet\" \/>\n<meta property=\"og:description\" content=\"M\u0259suliyy\u0259tli Oyunlara Yeni Bax\u0131\u015f Qumar oyunlar\u0131 h\u0259qiq\u0259t\u0259n h\u0259y\u0259canverici ola bil\u0259r, ancaq yaln\u0131z \u0259linizd\u0259 olduqda. Biz inan\u0131r\u0131q ki, yaln\u0131z \u015f\u00fcurlu bir yana\u015fma oyunlar\u0131 h\u0259qiq\u0259t\u0259n t\u0259hl\u00fck\u0259siz v\u0259 \u0259yl\u0259nc\u0259li edir. Buna g\u00f6r\u0259 d\u0259 m\u0259suliyy\u0259tli oyunlara yana\u015fmam\u0131z sad\u0259c\u0259 bir s\u0131ra qaydalar deyil, istifad\u0259\u00e7il\u0259rimizi d\u0259st\u0259kl\u0259m\u0259y\u0259 v\u0259 qoruma\u011fa y\u00f6n\u0259lmi\u015f b\u00fct\u00f6v bir f\u0259ls\u0259f\u0259dir. Etibar\u0131n T\u0259m\u0259li kimi \u015e\u0259ffafl\u0131q \u0130stifad\u0259\u00e7il\u0259rimiz\u0259 qay\u011f\u0131 g\u00f6st\u0259rm\u0259yin d\u00fcr\u00fcstl\u00fckd\u0259n ba\u015flad\u0131\u011f\u0131na [&hellip;]\" \/>\n<meta property=\"og:url\" content=\"https:\/\/casino-bk-site41.top\/az\/m\u0259suliyy\u0259tli-oyun\/\" \/>\n<meta property=\"og:site_name\" content=\"casino-bk-site41.top\" \/>\n<meta name=\"twitter:card\" content=\"summary_large_image\" \/>\n<script type=\"application\/ld+json\" class=\"yoast-schema-graph\">{\"@context\":\"https:\/\/schema.org\",\"@graph\":[{\"@type\":\"WebPage\",\"@id\":\"https:\/\/casino-bk-site41.top\/az\/m%c9%99suliyy%c9%99tli-oyun\/\",\"url\":\"https:\/\/casino-bk-site41.top\/az\/m%c9%99suliyy%c9%99tli-oyun\/\",\"name\":\"M\u0259suliyy\u0259tli Oyun | 1xbet\",\"isPartOf\":{\"@id\":\"https:\/\/casino-bk-site41.top\/#website\"},\"datePublished\":\"2025-11-19T12:06:46+00:00\",\"breadcrumb\":{\"@id\":\"https:\/\/casino-bk-site41.top\/az\/m%c9%99suliyy%c9%99tli-oyun\/#breadcrumb\"},\"inLanguage\":\"ru-RU\",\"potentialAction\":[{\"@type\":\"ReadAction\",\"target\":[\"https:\/\/casino-bk-site41.top\/az\/m%c9%99suliyy%c9%99tli-oyun\/\"]}]},{\"@type\":\"BreadcrumbList\",\"@id\":\"https:\/\/casino-bk-site41.top\/az\/m%c9%99suliyy%c9%99tli-oyun\/#breadcrumb\",\"itemListElement\":[{\"@type\":\"ListItem\",\"position\":1,\"name\":\"\u0413\u043b\u0430\u0432\u043d\u0430\u044f \u0441\u0442\u0440\u0430\u043d\u0438\u0446\u0430\",\"item\":\"https:\/\/casino-bk-site41.top\/\"},{\"@type\":\"ListItem\",\"position\":2,\"name\":\"M\u0259suliyy\u0259tli Oyun\"}]},{\"@type\":\"WebSite\",\"@id\":\"https:\/\/casino-bk-site41.top\/#website\",\"url\":\"https:\/\/casino-bk-site41.top\/\",\"name\":\"casino-bk-site41.top\",\"description\":\"\",\"potentialAction\":[{\"@type\":\"SearchAction\",\"target\":{\"@type\":\"EntryPoint\",\"urlTemplate\":\"https:\/\/casino-bk-site41.top\/?s={search_term_string}\"},\"query-input\":{\"@type\":\"PropertyValueSpecification\",\"valueRequired\":true,\"valueName\":\"search_term_string\"}}],\"inLanguage\":\"ru-RU\"}]}<\/script>\n<!-- \/ Yoast SEO plugin. -->","yoast_head_json":{"title":"M\u0259suliyy\u0259tli Oyun | 1xbet","robots":{"index":"index","follow":"follow","max-snippet":"max-snippet:-1","max-image-preview":"max-image-preview:large","max-video-preview":"max-video-preview:-1"},"canonical":"https:\/\/casino-bk-site41.top\/az\/m\u0259suliyy\u0259tli-oyun\/","og_locale":"ru_RU","og_type":"article","og_title":"M\u0259suliyy\u0259tli Oyun | 1xbet","og_description":"M\u0259suliyy\u0259tli Oyunlara Yeni Bax\u0131\u015f Qumar oyunlar\u0131 h\u0259qiq\u0259t\u0259n h\u0259y\u0259canverici ola bil\u0259r, ancaq yaln\u0131z \u0259linizd\u0259 olduqda. Biz inan\u0131r\u0131q ki, yaln\u0131z \u015f\u00fcurlu bir yana\u015fma oyunlar\u0131 h\u0259qiq\u0259t\u0259n t\u0259hl\u00fck\u0259siz v\u0259 \u0259yl\u0259nc\u0259li edir. Buna g\u00f6r\u0259 d\u0259 m\u0259suliyy\u0259tli oyunlara yana\u015fmam\u0131z sad\u0259c\u0259 bir s\u0131ra qaydalar deyil, istifad\u0259\u00e7il\u0259rimizi d\u0259st\u0259kl\u0259m\u0259y\u0259 v\u0259 qoruma\u011fa y\u00f6n\u0259lmi\u015f b\u00fct\u00f6v bir f\u0259ls\u0259f\u0259dir. Etibar\u0131n T\u0259m\u0259li kimi \u015e\u0259ffafl\u0131q \u0130stifad\u0259\u00e7il\u0259rimiz\u0259 qay\u011f\u0131 g\u00f6st\u0259rm\u0259yin d\u00fcr\u00fcstl\u00fckd\u0259n ba\u015flad\u0131\u011f\u0131na [&hellip;]","og_url":"https:\/\/casino-bk-site41.top\/az\/m\u0259suliyy\u0259tli-oyun\/","og_site_name":"casino-bk-site41.top","twitter_card":"summary_large_image","schema":{"@context":"https:\/\/schema.org","@graph":[{"@type":"WebPage","@id":"https:\/\/casino-bk-site41.top\/az\/m%c9%99suliyy%c9%99tli-oyun\/","url":"https:\/\/casino-bk-site41.top\/az\/m%c9%99suliyy%c9%99tli-oyun\/","name":"M\u0259suliyy\u0259tli Oyun | 1xbet","isPartOf":{"@id":"https:\/\/casino-bk-site41.top\/#website"},"datePublished":"2025-11-19T12:06:46+00:00","breadcrumb":{"@id":"https:\/\/casino-bk-site41.top\/az\/m%c9%99suliyy%c9%99tli-oyun\/#breadcrumb"},"inLanguage":"ru-RU","potentialAction":[{"@type":"ReadAction","target":["https:\/\/casino-bk-site41.top\/az\/m%c9%99suliyy%c9%99tli-oyun\/"]}]},{"@type":"BreadcrumbList","@id":"https:\/\/casino-bk-site41.top\/az\/m%c9%99suliyy%c9%99tli-oyun\/#breadcrumb","itemListElement":[{"@type":"ListItem","position":1,"name":"\u0413\u043b\u0430\u0432\u043d\u0430\u044f \u0441\u0442\u0440\u0430\u043d\u0438\u0446\u0430","item":"https:\/\/casino-bk-site41.top\/"},{"@type":"ListItem","position":2,"name":"M\u0259suliyy\u0259tli Oyun"}]},{"@type":"WebSite","@id":"https:\/\/casino-bk-site41.top\/#website","url":"https:\/\/casino-bk-site41.top\/","name":"casino-bk-site41.top","description":"","potentialAction":[{"@type":"SearchAction","target":{"@type":"EntryPoint","urlTemplate":"https:\/\/casino-bk-site41.top\/?s={search_term_string}"},"query-input":{"@type":"PropertyValueSpecification","valueRequired":true,"valueName":"search_term_string"}}],"inLanguage":"ru-RU"}]}},"amp_enabled":true,"_links":{"self":[{"href":"https:\/\/casino-bk-site41.top\/wp-json\/wp\/v2\/pages\/2178","targetHints":{"allow":["GET"]}}],"collection":[{"href":"https:\/\/casino-bk-site41.top\/wp-json\/wp\/v2\/pages"}],"about":[{"href":"https:\/\/casino-bk-site41.top\/wp-json\/wp\/v2\/types\/page"}],"author":[{"embeddable":true,"href":"https:\/\/casino-bk-site41.top\/wp-json\/wp\/v2\/users\/1"}],"replies":[{"embeddable":true,"href":"https:\/\/casino-bk-site41.top\/wp-json\/wp\/v2\/comments?post=2178"}],"version-history":[{"count":1,"href":"https:\/\/casino-bk-site41.top\/wp-json\/wp\/v2\/pages\/2178\/revisions"}],"predecessor-version":[{"id":2179,"href":"https:\/\/casino-bk-site41.top\/wp-json\/wp\/v2\/pages\/2178\/revisions\/2179"}],"wp:attachment":[{"href":"https:\/\/casino-bk-site41.top\/wp-json\/wp\/v2\/media?parent=2178"}],"curies":[{"name":"wp","href":"https:\/\/api.w.org\/{rel}","templated":true}]}}