{"id":2176,"date":"2025-11-19T14:06:00","date_gmt":"2025-11-19T12:06:00","guid":{"rendered":"https:\/\/casino-bk-site41.top\/?page_id=2176"},"modified":"2025-11-19T14:06:00","modified_gmt":"2025-11-19T12:06:00","slug":"haqqimizda","status":"publish","type":"page","link":"https:\/\/casino-bk-site41.top\/az\/haqqimizda\/","title":{"rendered":"Haqq\u0131m\u0131zda"},"content":{"rendered":"<h1>Haqq\u0131m\u0131zda<\/h1>\n<p>Biz sad\u0259c\u0259 bir kazinodan daha \u00e7ox \u015fey yaratm\u0131\u015f\u0131q, h\u0259r detal\u0131n diqq\u0259tl\u0259 d\u00fc\u015f\u00fcn\u00fcld\u00fcy\u00fc v\u0259 h\u0259r h\u0259r\u0259k\u0259tinizin h\u0259qiqi emosiyalarla dolu oldu\u011fu b\u00fct\u00f6v bir kainat yaratm\u0131\u015f\u0131q. Burada \u015fansa yer yoxdur: intuitiv dizayndan 24\/7 d\u0259st\u0259yimiz\u0259 q\u0259d\u0259r h\u0259r \u015fey bir m\u0259qs\u0259d\u0259 xidm\u0259t edir: siz\u0259 sad\u0259c\u0259 bir oyundan daha \u00e7ox \u015fey verm\u0259k. Bu, h\u0259y\u0259can\u0131n rahatl\u0131qla qar\u015f\u0131la\u015fd\u0131\u011f\u0131 v\u0259 h\u0259r qar\u015f\u0131l\u0131ql\u0131 \u0259laq\u0259nin \u0259sl mac\u0259raya \u00e7evrildiyi bir m\u0259kand\u0131r.<\/p>\n<h3>M\u00fck\u0259mm\u0259l Z\u0259rif Dizayn<\/h3>\n<p>\u0130lk klikd\u0259n etibar\u0259n h\u0259r element\u0259 daxil olan detallara diqq\u0259t yetirdiyinizi hiss ed\u0259c\u0259ksiniz. \u0130nterfeysimizd\u0259 naviqasiya asand\u0131r, h\u0259tta yeni ba\u015flayanlar \u00fc\u00e7\u00fcn d\u0259 naviqasiya intuitivdir v\u0259 h\u0259r s\u0259hif\u0259 tam olaraq g\u00f6zl\u0259diyiniz kimi i\u015fl\u0259yir. Laz\u0131ms\u0131z m\u00fcr\u0259kk\u0259bliyi aradan qald\u0131rd\u0131q, siz\u0259 tam azadl\u0131q v\u0259 b\u00fct\u00fcn x\u00fcsusiyy\u0259tl\u0259r\u0259 c\u0259mi bir ne\u00e7\u0259 klikl\u0259 \u00e7\u0131x\u0131\u015f imkan\u0131 verdik. D\u0259rhal h\u0259r\u0259k\u0259tl\u0259rinizd\u0259 \u0259min olacaqs\u0131n\u0131z.<\/p>\n<h3>Texnologiya v\u0259 D\u00fcr\u00fcstl\u00fck Bizim Prioritetimizdir<\/h3>\n<p>Kazinomuz qabaqc\u0131l texnologiya \u00fcz\u0259rind\u0259 qurulub v\u0259 t\u0259hl\u00fck\u0259sizliyinizi v\u0259 oyun prosesinin tam \u015f\u0259ffafl\u0131\u011f\u0131n\u0131 t\u0259min edir. Qeydiyyatdan pul \u00e7\u0131xarma\u011fa q\u0259d\u0259r b\u00fct\u00fcn \u0259m\u0259liyyatlar \u0259n y\u00fcks\u0259k standartlara uy\u011fun olaraq qorunur. T\u0259sad\u00fcfi n\u0259tic\u0259 alqoritml\u0259rimiz sertifikatla\u015fd\u0131r\u0131l\u0131b v\u0259 m\u00fc\u015ft\u0259ri m\u0259lumatlar\u0131 t\u0259hl\u00fck\u0259siz \u015f\u0259kild\u0259 \u015fifr\u0259l\u0259nib v\u0259 h\u0259r hans\u0131 xarici t\u0259hdidl\u0259rd\u0259n t\u0259crid olunub. Biz he\u00e7 vaxt oyuna m\u00fcdaxil\u0259 etmirik &#8212; qazanc\u0131n\u0131z yaln\u0131z sizd\u0259n v\u0259 \u015fans\u0131n\u0131zdan as\u0131l\u0131d\u0131r.<\/p>\n<h3>\u0130lhamverici Bonuslar<\/h3>\n<p>Bonuslar\u0131m\u0131z sad\u0259c\u0259 h\u0259diyy\u0259l\u0259rd\u0259n daha \u00e7ox \u015feydir; onlar unikal oyun t\u0259cr\u00fcb\u0259sinin bir hiss\u0259sidir. H\u0259r bir promosyon, h\u0259r bir t\u0259\u015fviq sessiyan\u0131z\u0131 daha canl\u0131 v\u0259 h\u0259y\u0259canl\u0131 etm\u0259k \u00fc\u00e7\u00fcn haz\u0131rlanm\u0131\u015fd\u0131r. Bonuslar\u0131n yaln\u0131z fayda deyil, h\u0259m d\u0259 h\u0259qiqi sevinc g\u0259tirm\u0259sini ist\u0259yirik. Buna g\u00f6r\u0259 d\u0259, t\u0259klifl\u0259rimiz f\u0259rdil\u0259\u015fdirilir v\u0259 oyun t\u0259rziniz\u0259 uy\u011funla\u015fd\u0131r\u0131l\u0131r, \u0259lav\u0259 h\u0259y\u0259can v\u0259 motivasiya m\u0259nb\u0259yin\u0259 \u00e7evrilir.<\/p>\n<h3>H\u0259r k\u0259sin d\u0259y\u0259rl\u0259ndirildiyi bir icma<\/h3>\n<p>Oyun\u00e7ular\u0131m\u0131z statistikada sad\u0259c\u0259 r\u0259q\u0259ml\u0259rd\u0259n daha \u00e7ox \u015feydir. Onlar t\u0259k bir ehtirasla &#8212; qumar sevgisi il\u0259 birl\u0259\u015f\u0259n f\u0259rqli maraqlar\u0131, t\u0259cr\u00fcb\u0259l\u0259ri v\u0259 \u00fcst\u00fcnl\u00fckl\u0259ri olan insanlard\u0131r. Burada he\u00e7 vaxt diqq\u0259td\u0259n k\u0259narda qalmayacaqs\u0131n\u0131z: h\u0259r bir oyun\u00e7u vacibdir v\u0259 h\u0259r bir s\u0259s e\u015fidil\u0259c\u0259k. R\u0259qab\u0259t ruhunun qar\u015f\u0131l\u0131ql\u0131 d\u0259st\u0259k il\u0259 tamamland\u0131\u011f\u0131 birliyin g\u00fcc\u00fcn\u0259 inan\u0131r\u0131q. \u00d6z\u00fcn\u00fcz\u00fc evd\u0259ki kimi hiss etm\u0259yiniz \u00fc\u00e7\u00fcn h\u0259r \u015feyi edirik.<\/p>\n<h3>T\u0259krarlamaq ist\u0259diyiniz bir t\u0259cr\u00fcb\u0259<\/h3>\n<p>Biz ill\u00fcziyalar yaratm\u0131r\u0131q. M\u0259qs\u0259dimiz h\u0259r an\u0131n vacib oldu\u011fu real, immersiv bir oyun t\u0259cr\u00fcb\u0259si t\u0259qdim etm\u0259kdir. Burada asan pul v\u0259dl\u0259rin\u0259 yer yoxdur &#8212; yaln\u0131z \u0259dal\u0259tli oyun, g\u00fccl\u00fc emosiyalar v\u0259 h\u0259qiqi z\u00f6vq. Etdiyimiz h\u0259r \u015fey bonuslar \u00fc\u00e7\u00fcn deyil, h\u0259qiq\u0259t\u0259n ist\u0259diyiniz \u00fc\u00e7\u00fcn sizi t\u0259krar-t\u0259krar geri qaytarmaq \u00fc\u00e7\u00fcn haz\u0131rlanm\u0131\u015fd\u0131r.<\/p>\n<h3>\u0130lhamverici oyuna xo\u015f g\u0259lmisiniz.<\/h3>\n<p>Biz sizinl\u0259 birlikd\u0259 b\u00f6y\u00fcy\u00fcr\u00fck, d\u00fcnyam\u0131z\u0131 h\u0259r g\u00fcn daha parlaq, t\u0259hl\u00fck\u0259siz v\u0259 daha h\u0259y\u0259canl\u0131 edirik. G\u0259lin v\u0259 oyunun nec\u0259 daha \u00e7ox \u015fey\u0259 \u00e7evril\u0259 bil\u0259c\u0259yini ya\u015fay\u0131n.<\/p>\n<h4>\u018flaq\u0259:<\/h4>\n<ul>\n<li>\u00dcnvan: \u018fl-F\u0259rabi prospekti<\/li>\n<li>Telefon: +7 727 685 97 42<\/li>\n<li>E-po\u00e7t: support@tengizinfo.kz<\/li>\n<\/ul>\n","protected":false},"excerpt":{"rendered":"<p>Haqq\u0131m\u0131zda Biz sad\u0259c\u0259 bir kazinodan daha \u00e7ox \u015fey yaratm\u0131\u015f\u0131q, h\u0259r detal\u0131n diqq\u0259tl\u0259 d\u00fc\u015f\u00fcn\u00fcld\u00fcy\u00fc v\u0259 h\u0259r h\u0259r\u0259k\u0259tinizin h\u0259qiqi emosiyalarla dolu oldu\u011fu b\u00fct\u00f6v bir kainat yaratm\u0131\u015f\u0131q. Burada \u015fansa yer yoxdur: intuitiv dizayndan 24\/7 d\u0259st\u0259yimiz\u0259 q\u0259d\u0259r h\u0259r \u015fey bir m\u0259qs\u0259d\u0259 xidm\u0259t edir: siz\u0259 sad\u0259c\u0259 bir oyundan daha \u00e7ox \u015fey verm\u0259k. Bu, h\u0259y\u0259can\u0131n rahatl\u0131qla qar\u015f\u0131la\u015fd\u0131\u011f\u0131 v\u0259 h\u0259r qar\u015f\u0131l\u0131ql\u0131 \u0259laq\u0259nin [&hellip;]<\/p>\n","protected":false},"author":1,"featured_media":0,"parent":0,"menu_order":0,"comment_status":"closed","ping_status":"closed","template":"","meta":{"_acf_changed":false,"footnotes":""},"class_list":["post-2176","page","type-page","status-publish","hentry"],"acf":[],"yoast_head":"<!-- This site is optimized with the Yoast SEO plugin v27.0 - https:\/\/yoast.com\/product\/yoast-seo-wordpress\/ -->\n<title>Haqq\u0131m\u0131zda | 1xbet<\/title>\n<meta name=\"robots\" content=\"index, follow, max-snippet:-1, max-image-preview:large, max-video-preview:-1\" \/>\n<link rel=\"canonical\" href=\"https:\/\/casino-bk-site41.top\/az\/haqqimizda\/\" \/>\n<meta property=\"og:locale\" content=\"ru_RU\" \/>\n<meta property=\"og:type\" content=\"article\" \/>\n<meta property=\"og:title\" content=\"Haqq\u0131m\u0131zda | 1xbet\" \/>\n<meta property=\"og:description\" content=\"Haqq\u0131m\u0131zda Biz sad\u0259c\u0259 bir kazinodan daha \u00e7ox \u015fey yaratm\u0131\u015f\u0131q, h\u0259r detal\u0131n diqq\u0259tl\u0259 d\u00fc\u015f\u00fcn\u00fcld\u00fcy\u00fc v\u0259 h\u0259r h\u0259r\u0259k\u0259tinizin h\u0259qiqi emosiyalarla dolu oldu\u011fu b\u00fct\u00f6v bir kainat yaratm\u0131\u015f\u0131q. Burada \u015fansa yer yoxdur: intuitiv dizayndan 24\/7 d\u0259st\u0259yimiz\u0259 q\u0259d\u0259r h\u0259r \u015fey bir m\u0259qs\u0259d\u0259 xidm\u0259t edir: siz\u0259 sad\u0259c\u0259 bir oyundan daha \u00e7ox \u015fey verm\u0259k. Bu, h\u0259y\u0259can\u0131n rahatl\u0131qla qar\u015f\u0131la\u015fd\u0131\u011f\u0131 v\u0259 h\u0259r qar\u015f\u0131l\u0131ql\u0131 \u0259laq\u0259nin [&hellip;]\" \/>\n<meta property=\"og:url\" content=\"https:\/\/casino-bk-site41.top\/az\/haqqimizda\/\" \/>\n<meta property=\"og:site_name\" content=\"casino-bk-site41.top\" \/>\n<meta name=\"twitter:card\" content=\"summary_large_image\" \/>\n<script type=\"application\/ld+json\" class=\"yoast-schema-graph\">{\"@context\":\"https:\/\/schema.org\",\"@graph\":[{\"@type\":\"WebPage\",\"@id\":\"https:\/\/casino-bk-site41.top\/az\/haqqimizda\/\",\"url\":\"https:\/\/casino-bk-site41.top\/az\/haqqimizda\/\",\"name\":\"Haqq\u0131m\u0131zda | 1xbet\",\"isPartOf\":{\"@id\":\"https:\/\/casino-bk-site41.top\/#website\"},\"datePublished\":\"2025-11-19T12:06:00+00:00\",\"breadcrumb\":{\"@id\":\"https:\/\/casino-bk-site41.top\/az\/haqqimizda\/#breadcrumb\"},\"inLanguage\":\"ru-RU\",\"potentialAction\":[{\"@type\":\"ReadAction\",\"target\":[\"https:\/\/casino-bk-site41.top\/az\/haqqimizda\/\"]}]},{\"@type\":\"BreadcrumbList\",\"@id\":\"https:\/\/casino-bk-site41.top\/az\/haqqimizda\/#breadcrumb\",\"itemListElement\":[{\"@type\":\"ListItem\",\"position\":1,\"name\":\"\u0413\u043b\u0430\u0432\u043d\u0430\u044f \u0441\u0442\u0440\u0430\u043d\u0438\u0446\u0430\",\"item\":\"https:\/\/casino-bk-site41.top\/\"},{\"@type\":\"ListItem\",\"position\":2,\"name\":\"Haqq\u0131m\u0131zda\"}]},{\"@type\":\"WebSite\",\"@id\":\"https:\/\/casino-bk-site41.top\/#website\",\"url\":\"https:\/\/casino-bk-site41.top\/\",\"name\":\"casino-bk-site41.top\",\"description\":\"\",\"potentialAction\":[{\"@type\":\"SearchAction\",\"target\":{\"@type\":\"EntryPoint\",\"urlTemplate\":\"https:\/\/casino-bk-site41.top\/?s={search_term_string}\"},\"query-input\":{\"@type\":\"PropertyValueSpecification\",\"valueRequired\":true,\"valueName\":\"search_term_string\"}}],\"inLanguage\":\"ru-RU\"}]}<\/script>\n<!-- \/ Yoast SEO plugin. -->","yoast_head_json":{"title":"Haqq\u0131m\u0131zda | 1xbet","robots":{"index":"index","follow":"follow","max-snippet":"max-snippet:-1","max-image-preview":"max-image-preview:large","max-video-preview":"max-video-preview:-1"},"canonical":"https:\/\/casino-bk-site41.top\/az\/haqqimizda\/","og_locale":"ru_RU","og_type":"article","og_title":"Haqq\u0131m\u0131zda | 1xbet","og_description":"Haqq\u0131m\u0131zda Biz sad\u0259c\u0259 bir kazinodan daha \u00e7ox \u015fey yaratm\u0131\u015f\u0131q, h\u0259r detal\u0131n diqq\u0259tl\u0259 d\u00fc\u015f\u00fcn\u00fcld\u00fcy\u00fc v\u0259 h\u0259r h\u0259r\u0259k\u0259tinizin h\u0259qiqi emosiyalarla dolu oldu\u011fu b\u00fct\u00f6v bir kainat yaratm\u0131\u015f\u0131q. Burada \u015fansa yer yoxdur: intuitiv dizayndan 24\/7 d\u0259st\u0259yimiz\u0259 q\u0259d\u0259r h\u0259r \u015fey bir m\u0259qs\u0259d\u0259 xidm\u0259t edir: siz\u0259 sad\u0259c\u0259 bir oyundan daha \u00e7ox \u015fey verm\u0259k. Bu, h\u0259y\u0259can\u0131n rahatl\u0131qla qar\u015f\u0131la\u015fd\u0131\u011f\u0131 v\u0259 h\u0259r qar\u015f\u0131l\u0131ql\u0131 \u0259laq\u0259nin [&hellip;]","og_url":"https:\/\/casino-bk-site41.top\/az\/haqqimizda\/","og_site_name":"casino-bk-site41.top","twitter_card":"summary_large_image","schema":{"@context":"https:\/\/schema.org","@graph":[{"@type":"WebPage","@id":"https:\/\/casino-bk-site41.top\/az\/haqqimizda\/","url":"https:\/\/casino-bk-site41.top\/az\/haqqimizda\/","name":"Haqq\u0131m\u0131zda | 1xbet","isPartOf":{"@id":"https:\/\/casino-bk-site41.top\/#website"},"datePublished":"2025-11-19T12:06:00+00:00","breadcrumb":{"@id":"https:\/\/casino-bk-site41.top\/az\/haqqimizda\/#breadcrumb"},"inLanguage":"ru-RU","potentialAction":[{"@type":"ReadAction","target":["https:\/\/casino-bk-site41.top\/az\/haqqimizda\/"]}]},{"@type":"BreadcrumbList","@id":"https:\/\/casino-bk-site41.top\/az\/haqqimizda\/#breadcrumb","itemListElement":[{"@type":"ListItem","position":1,"name":"\u0413\u043b\u0430\u0432\u043d\u0430\u044f \u0441\u0442\u0440\u0430\u043d\u0438\u0446\u0430","item":"https:\/\/casino-bk-site41.top\/"},{"@type":"ListItem","position":2,"name":"Haqq\u0131m\u0131zda"}]},{"@type":"WebSite","@id":"https:\/\/casino-bk-site41.top\/#website","url":"https:\/\/casino-bk-site41.top\/","name":"casino-bk-site41.top","description":"","potentialAction":[{"@type":"SearchAction","target":{"@type":"EntryPoint","urlTemplate":"https:\/\/casino-bk-site41.top\/?s={search_term_string}"},"query-input":{"@type":"PropertyValueSpecification","valueRequired":true,"valueName":"search_term_string"}}],"inLanguage":"ru-RU"}]}},"amp_enabled":true,"_links":{"self":[{"href":"https:\/\/casino-bk-site41.top\/wp-json\/wp\/v2\/pages\/2176","targetHints":{"allow":["GET"]}}],"collection":[{"href":"https:\/\/casino-bk-site41.top\/wp-json\/wp\/v2\/pages"}],"about":[{"href":"https:\/\/casino-bk-site41.top\/wp-json\/wp\/v2\/types\/page"}],"author":[{"embeddable":true,"href":"https:\/\/casino-bk-site41.top\/wp-json\/wp\/v2\/users\/1"}],"replies":[{"embeddable":true,"href":"https:\/\/casino-bk-site41.top\/wp-json\/wp\/v2\/comments?post=2176"}],"version-history":[{"count":1,"href":"https:\/\/casino-bk-site41.top\/wp-json\/wp\/v2\/pages\/2176\/revisions"}],"predecessor-version":[{"id":2177,"href":"https:\/\/casino-bk-site41.top\/wp-json\/wp\/v2\/pages\/2176\/revisions\/2177"}],"wp:attachment":[{"href":"https:\/\/casino-bk-site41.top\/wp-json\/wp\/v2\/media?parent=2176"}],"curies":[{"name":"wp","href":"https:\/\/api.w.org\/{rel}","templated":true}]}}