{"id":2170,"date":"2025-11-19T14:04:49","date_gmt":"2025-11-19T12:04:49","guid":{"rendered":"https:\/\/casino-bk-site41.top\/?page_id=2170"},"modified":"2025-11-19T14:04:49","modified_gmt":"2025-11-19T12:04:49","slug":"hakkimizda","status":"publish","type":"page","link":"https:\/\/casino-bk-site41.top\/tr\/hakkimizda\/","title":{"rendered":"Hakk\u0131m\u0131zda"},"content":{"rendered":"<h1>Hakk\u0131m\u0131zda<\/h1>\n<p>Sadece bir kumarhaneden daha fazlas\u0131n\u0131, her ayr\u0131nt\u0131n\u0131n titizlikle d\u00fc\u015f\u00fcn\u00fcld\u00fc\u011f\u00fc ve her eyleminizin ger\u00e7ek duygularla dolu oldu\u011fu kocaman bir evren yaratt\u0131k. Burada \u015fansa yer yok: Sezgisel tasar\u0131mdan 7\/24 deste\u011fimize kadar her \u015fey tek bir amaca hizmet ediyor: size bir oyundan \u00e7ok daha fazlas\u0131n\u0131 sunmak. Heyecan\u0131n konforla bulu\u015ftu\u011fu ve her etkile\u015fimin ger\u00e7ek bir maceraya d\u00f6n\u00fc\u015ft\u00fc\u011f\u00fc bir alan.<\/p>\n<h3>Kusursuz \u0130ncelikli Tasar\u0131m<\/h3>\n<p>\u0130lk t\u0131klamadan itibaren, her \u00f6\u011feye g\u00f6sterilen titiz \u00f6zeni hissedeceksiniz. Aray\u00fcz\u00fcm\u00fczde gezinmek yeni ba\u015flayanlar i\u00e7in bile kolay, gezinme sezgisel ve her sayfa tam olarak bekledi\u011finiz gibi \u00e7al\u0131\u015f\u0131yor. Gereksiz karma\u015f\u0131kl\u0131\u011f\u0131 ortadan kald\u0131rarak size tam bir \u00f6zg\u00fcrl\u00fck ve t\u00fcm \u00f6zelliklere yaln\u0131zca birka\u00e7 dokunu\u015fla eri\u015fim sa\u011flad\u0131k. Eylemlerinizde an\u0131nda kendinizi g\u00fcvende hissedeceksiniz. <\/p>\n<h3>Teknoloji ve D\u00fcr\u00fcstl\u00fck \u00d6nceli\u011fimizdir<\/h3>\n<p>Casinomuz, g\u00fcvenli\u011finizi ve oyun s\u00fcrecinin tam \u015feffafl\u0131\u011f\u0131n\u0131 garanti eden en son teknoloji \u00fczerine kurulmu\u015ftur. Kay\u0131ttan para \u00e7ekme i\u015flemlerine kadar t\u00fcm i\u015flemler en y\u00fcksek standartlarda korunur. Rastgele sonu\u00e7 algoritmalar\u0131m\u0131z sertifikal\u0131d\u0131r ve m\u00fc\u015fteri verileri g\u00fcvenli bir \u015fekilde \u015fifrelenerek d\u0131\u015f tehditlerden izole edilir. Oyuna asla m\u00fcdahale etmeyiz; kazanc\u0131n\u0131z tamamen size ve \u015fans\u0131n\u0131za ba\u011fl\u0131d\u0131r.<\/p>\n<h3>\u0130lham Veren Bonuslar<\/h3>\n<p>Bonuslar\u0131m\u0131z sadece bir hediye de\u011fil; benzersiz bir oyun deneyiminin par\u00e7as\u0131d\u0131r. Her promosyon, her te\u015fvik, oturumunuzu daha canl\u0131 ve heyecanl\u0131 k\u0131lmak i\u00e7in tasarlanm\u0131\u015ft\u0131r. Bonuslar\u0131n sadece fayda de\u011fil, ayn\u0131 zamanda ger\u00e7ek bir keyif de getirmesini istiyoruz. Bu nedenle, tekliflerimiz oyun tarz\u0131n\u0131za g\u00f6re ki\u015fiselle\u015ftirilmi\u015f ve uyarlanm\u0131\u015f olup, ek bir heyecan ve motivasyon kayna\u011f\u0131 haline gelir.<\/p>\n<h3>Herkesin De\u011ferli Oldu\u011fu Bir Topluluk<\/h3>\n<p>Oyuncular\u0131m\u0131z istatistiklerdeki say\u0131lardan \u00e7ok daha fazlas\u0131d\u0131r. Farkl\u0131 ilgi alanlar\u0131na, deneyimlere ve tercihlere sahip, tek bir tutkuyla birle\u015fmi\u015f insanlard\u0131r: kumar sevgisi. Burada asla fark edilmeyeceksiniz: her oyuncu \u00f6nemlidir ve her ses duyulur. Rekabet\u00e7i ruhun kar\u015f\u0131l\u0131kl\u0131 destekle tamamland\u0131\u011f\u0131 toplulu\u011fun g\u00fcc\u00fcne inan\u0131yoruz. Kendinizi evinizde hissetmeniz i\u00e7in elimizden gelen her \u015feyi yap\u0131yoruz.<\/p>\n<h3>Tekrarlamak isteyece\u011finiz bir deneyim<\/h3>\n<p>Yan\u0131lsamalar yaratm\u0131yoruz. Amac\u0131m\u0131z, her an\u0131n \u00f6nemli oldu\u011fu, ger\u00e7ek ve s\u00fcr\u00fckleyici bir oyun deneyimi sunmak. Burada kolay para kazanma vaatlerine yer yok; sadece adil oyun, g\u00fc\u00e7l\u00fc duygular ve ger\u00e7ek bir keyif var. Yapt\u0131\u011f\u0131m\u0131z her \u015fey, bonuslar i\u00e7in de\u011fil, ger\u00e7ekten istedi\u011finiz i\u00e7in tekrar tekrar gelmenizi sa\u011flamak i\u00e7in tasarland\u0131.<\/p>\n<h3>\u0130lham veren oyuna ho\u015f geldiniz.<\/h3>\n<p>Sizinle birlikte b\u00fcy\u00fcyor, d\u00fcnyam\u0131z\u0131 her g\u00fcn daha ayd\u0131nl\u0131k, daha g\u00fcvenli ve daha heyecanl\u0131 hale getiriyoruz. Gelin ve oyunun nas\u0131l daha da harika bir \u015feye d\u00f6n\u00fc\u015febilece\u011fini deneyimleyin. <\/p>\n<h4>Ki\u015filer:<\/h4>\n<ul>\n<li>Adres: El-Farabi Caddesi<\/li>\n<li>Telefon: +7 727 685 97 42<\/li>\n<li>E-posta: support@tengizinfo.kz<\/li>\n<\/ul>\n","protected":false},"excerpt":{"rendered":"<p>Hakk\u0131m\u0131zda Sadece bir kumarhaneden daha fazlas\u0131n\u0131, her ayr\u0131nt\u0131n\u0131n titizlikle d\u00fc\u015f\u00fcn\u00fcld\u00fc\u011f\u00fc ve her eyleminizin ger\u00e7ek duygularla dolu oldu\u011fu kocaman bir evren yaratt\u0131k. Burada \u015fansa yer yok: Sezgisel tasar\u0131mdan 7\/24 deste\u011fimize kadar her \u015fey tek bir amaca hizmet ediyor: size bir oyundan \u00e7ok daha fazlas\u0131n\u0131 sunmak. Heyecan\u0131n konforla bulu\u015ftu\u011fu ve her etkile\u015fimin ger\u00e7ek bir maceraya d\u00f6n\u00fc\u015ft\u00fc\u011f\u00fc bir [&hellip;]<\/p>\n","protected":false},"author":1,"featured_media":0,"parent":0,"menu_order":0,"comment_status":"closed","ping_status":"closed","template":"","meta":{"_acf_changed":false,"footnotes":""},"class_list":["post-2170","page","type-page","status-publish","hentry"],"acf":[],"yoast_head":"<!-- This site is optimized with the Yoast SEO plugin v27.0 - https:\/\/yoast.com\/product\/yoast-seo-wordpress\/ -->\n<title>Hakk\u0131m\u0131zda | 1xbet<\/title>\n<meta name=\"robots\" content=\"index, follow, max-snippet:-1, max-image-preview:large, max-video-preview:-1\" \/>\n<link rel=\"canonical\" href=\"https:\/\/casino-bk-site41.top\/tr\/hakkimizda\/\" \/>\n<meta property=\"og:locale\" content=\"ru_RU\" \/>\n<meta property=\"og:type\" content=\"article\" \/>\n<meta property=\"og:title\" content=\"Hakk\u0131m\u0131zda | 1xbet\" \/>\n<meta property=\"og:description\" content=\"Hakk\u0131m\u0131zda Sadece bir kumarhaneden daha fazlas\u0131n\u0131, her ayr\u0131nt\u0131n\u0131n titizlikle d\u00fc\u015f\u00fcn\u00fcld\u00fc\u011f\u00fc ve her eyleminizin ger\u00e7ek duygularla dolu oldu\u011fu kocaman bir evren yaratt\u0131k. Burada \u015fansa yer yok: Sezgisel tasar\u0131mdan 7\/24 deste\u011fimize kadar her \u015fey tek bir amaca hizmet ediyor: size bir oyundan \u00e7ok daha fazlas\u0131n\u0131 sunmak. Heyecan\u0131n konforla bulu\u015ftu\u011fu ve her etkile\u015fimin ger\u00e7ek bir maceraya d\u00f6n\u00fc\u015ft\u00fc\u011f\u00fc bir [&hellip;]\" \/>\n<meta property=\"og:url\" content=\"https:\/\/casino-bk-site41.top\/tr\/hakkimizda\/\" \/>\n<meta property=\"og:site_name\" content=\"casino-bk-site41.top\" \/>\n<meta name=\"twitter:card\" content=\"summary_large_image\" \/>\n<script type=\"application\/ld+json\" class=\"yoast-schema-graph\">{\"@context\":\"https:\/\/schema.org\",\"@graph\":[{\"@type\":\"WebPage\",\"@id\":\"https:\/\/casino-bk-site41.top\/tr\/hakkimizda\/\",\"url\":\"https:\/\/casino-bk-site41.top\/tr\/hakkimizda\/\",\"name\":\"Hakk\u0131m\u0131zda | 1xbet\",\"isPartOf\":{\"@id\":\"https:\/\/casino-bk-site41.top\/#website\"},\"datePublished\":\"2025-11-19T12:04:49+00:00\",\"breadcrumb\":{\"@id\":\"https:\/\/casino-bk-site41.top\/tr\/hakkimizda\/#breadcrumb\"},\"inLanguage\":\"ru-RU\",\"potentialAction\":[{\"@type\":\"ReadAction\",\"target\":[\"https:\/\/casino-bk-site41.top\/tr\/hakkimizda\/\"]}]},{\"@type\":\"BreadcrumbList\",\"@id\":\"https:\/\/casino-bk-site41.top\/tr\/hakkimizda\/#breadcrumb\",\"itemListElement\":[{\"@type\":\"ListItem\",\"position\":1,\"name\":\"\u0413\u043b\u0430\u0432\u043d\u0430\u044f \u0441\u0442\u0440\u0430\u043d\u0438\u0446\u0430\",\"item\":\"https:\/\/casino-bk-site41.top\/\"},{\"@type\":\"ListItem\",\"position\":2,\"name\":\"Hakk\u0131m\u0131zda\"}]},{\"@type\":\"WebSite\",\"@id\":\"https:\/\/casino-bk-site41.top\/#website\",\"url\":\"https:\/\/casino-bk-site41.top\/\",\"name\":\"casino-bk-site41.top\",\"description\":\"\",\"potentialAction\":[{\"@type\":\"SearchAction\",\"target\":{\"@type\":\"EntryPoint\",\"urlTemplate\":\"https:\/\/casino-bk-site41.top\/?s={search_term_string}\"},\"query-input\":{\"@type\":\"PropertyValueSpecification\",\"valueRequired\":true,\"valueName\":\"search_term_string\"}}],\"inLanguage\":\"ru-RU\"}]}<\/script>\n<!-- \/ Yoast SEO plugin. -->","yoast_head_json":{"title":"Hakk\u0131m\u0131zda | 1xbet","robots":{"index":"index","follow":"follow","max-snippet":"max-snippet:-1","max-image-preview":"max-image-preview:large","max-video-preview":"max-video-preview:-1"},"canonical":"https:\/\/casino-bk-site41.top\/tr\/hakkimizda\/","og_locale":"ru_RU","og_type":"article","og_title":"Hakk\u0131m\u0131zda | 1xbet","og_description":"Hakk\u0131m\u0131zda Sadece bir kumarhaneden daha fazlas\u0131n\u0131, her ayr\u0131nt\u0131n\u0131n titizlikle d\u00fc\u015f\u00fcn\u00fcld\u00fc\u011f\u00fc ve her eyleminizin ger\u00e7ek duygularla dolu oldu\u011fu kocaman bir evren yaratt\u0131k. Burada \u015fansa yer yok: Sezgisel tasar\u0131mdan 7\/24 deste\u011fimize kadar her \u015fey tek bir amaca hizmet ediyor: size bir oyundan \u00e7ok daha fazlas\u0131n\u0131 sunmak. Heyecan\u0131n konforla bulu\u015ftu\u011fu ve her etkile\u015fimin ger\u00e7ek bir maceraya d\u00f6n\u00fc\u015ft\u00fc\u011f\u00fc bir [&hellip;]","og_url":"https:\/\/casino-bk-site41.top\/tr\/hakkimizda\/","og_site_name":"casino-bk-site41.top","twitter_card":"summary_large_image","schema":{"@context":"https:\/\/schema.org","@graph":[{"@type":"WebPage","@id":"https:\/\/casino-bk-site41.top\/tr\/hakkimizda\/","url":"https:\/\/casino-bk-site41.top\/tr\/hakkimizda\/","name":"Hakk\u0131m\u0131zda | 1xbet","isPartOf":{"@id":"https:\/\/casino-bk-site41.top\/#website"},"datePublished":"2025-11-19T12:04:49+00:00","breadcrumb":{"@id":"https:\/\/casino-bk-site41.top\/tr\/hakkimizda\/#breadcrumb"},"inLanguage":"ru-RU","potentialAction":[{"@type":"ReadAction","target":["https:\/\/casino-bk-site41.top\/tr\/hakkimizda\/"]}]},{"@type":"BreadcrumbList","@id":"https:\/\/casino-bk-site41.top\/tr\/hakkimizda\/#breadcrumb","itemListElement":[{"@type":"ListItem","position":1,"name":"\u0413\u043b\u0430\u0432\u043d\u0430\u044f \u0441\u0442\u0440\u0430\u043d\u0438\u0446\u0430","item":"https:\/\/casino-bk-site41.top\/"},{"@type":"ListItem","position":2,"name":"Hakk\u0131m\u0131zda"}]},{"@type":"WebSite","@id":"https:\/\/casino-bk-site41.top\/#website","url":"https:\/\/casino-bk-site41.top\/","name":"casino-bk-site41.top","description":"","potentialAction":[{"@type":"SearchAction","target":{"@type":"EntryPoint","urlTemplate":"https:\/\/casino-bk-site41.top\/?s={search_term_string}"},"query-input":{"@type":"PropertyValueSpecification","valueRequired":true,"valueName":"search_term_string"}}],"inLanguage":"ru-RU"}]}},"amp_enabled":true,"_links":{"self":[{"href":"https:\/\/casino-bk-site41.top\/wp-json\/wp\/v2\/pages\/2170","targetHints":{"allow":["GET"]}}],"collection":[{"href":"https:\/\/casino-bk-site41.top\/wp-json\/wp\/v2\/pages"}],"about":[{"href":"https:\/\/casino-bk-site41.top\/wp-json\/wp\/v2\/types\/page"}],"author":[{"embeddable":true,"href":"https:\/\/casino-bk-site41.top\/wp-json\/wp\/v2\/users\/1"}],"replies":[{"embeddable":true,"href":"https:\/\/casino-bk-site41.top\/wp-json\/wp\/v2\/comments?post=2170"}],"version-history":[{"count":1,"href":"https:\/\/casino-bk-site41.top\/wp-json\/wp\/v2\/pages\/2170\/revisions"}],"predecessor-version":[{"id":2171,"href":"https:\/\/casino-bk-site41.top\/wp-json\/wp\/v2\/pages\/2170\/revisions\/2171"}],"wp:attachment":[{"href":"https:\/\/casino-bk-site41.top\/wp-json\/wp\/v2\/media?parent=2170"}],"curies":[{"name":"wp","href":"https:\/\/api.w.org\/{rel}","templated":true}]}}