{"id":2154,"date":"2025-11-19T13:15:44","date_gmt":"2025-11-19T11:15:44","guid":{"rendered":"https:\/\/casino-bk-site41.top\/?page_id=2154"},"modified":"2026-02-24T16:49:53","modified_gmt":"2026-02-24T14:49:53","slug":"main-tr","status":"publish","type":"page","link":"https:\/\/casino-bk-site41.top\/tr\/","title":{"rendered":"Main TR"},"content":{"rendered":"","protected":false},"excerpt":{"rendered":"","protected":false},"author":1,"featured_media":0,"parent":0,"menu_order":1,"comment_status":"closed","ping_status":"closed","template":"home-new.php","meta":{"_acf_changed":false,"footnotes":""},"class_list":["post-2154","page","type-page","status-publish","hentry"],"acf":[],"yoast_head":"<!-- This site is optimized with the Yoast SEO plugin v27.0 - https:\/\/yoast.com\/product\/yoast-seo-wordpress\/ -->\n<title>1xbet t\u00fcrkiye g\u00fcvenilir bahis platformu resmi site spor bahisleri casino promosyonlar mobil uygulama avantajlar<\/title>\n<meta name=\"description\" content=\"1xbet t\u00fcrkiye kullan\u0131c\u0131lar\u0131na spor bahisleri casino se\u00e7enekleri bonus f\u0131rsatlar\u0131 mobil giri\u015f y\u00f6ntemleri h\u0131zl\u0131 \u00f6deme \u00e7\u00f6z\u00fcmleri g\u00fcvenilir destek sunar\" \/>\n<meta name=\"robots\" content=\"index, follow, max-snippet:-1, max-image-preview:large, max-video-preview:-1\" \/>\n<link rel=\"canonical\" href=\"https:\/\/casino-bk-site41.top\/tr\/\" \/>\n<meta property=\"og:locale\" content=\"ru_RU\" \/>\n<meta property=\"og:type\" content=\"article\" \/>\n<meta property=\"og:title\" content=\"1xbet t\u00fcrkiye g\u00fcvenilir bahis platformu resmi site spor bahisleri casino promosyonlar mobil uygulama avantajlar\" \/>\n<meta property=\"og:description\" content=\"1xbet t\u00fcrkiye kullan\u0131c\u0131lar\u0131na spor bahisleri casino se\u00e7enekleri bonus f\u0131rsatlar\u0131 mobil giri\u015f y\u00f6ntemleri h\u0131zl\u0131 \u00f6deme \u00e7\u00f6z\u00fcmleri g\u00fcvenilir destek sunar\" \/>\n<meta property=\"og:url\" content=\"https:\/\/casino-bk-site41.top\/tr\/\" \/>\n<meta property=\"og:site_name\" content=\"casino-bk-site41.top\" \/>\n<meta property=\"article:modified_time\" content=\"2026-02-24T14:49:53+00:00\" \/>\n<meta name=\"twitter:card\" content=\"summary_large_image\" \/>\n<script type=\"application\/ld+json\" class=\"yoast-schema-graph\">{\"@context\":\"https:\/\/schema.org\",\"@graph\":[{\"@type\":\"WebPage\",\"@id\":\"https:\/\/casino-bk-site41.top\/tr\/\",\"url\":\"https:\/\/casino-bk-site41.top\/tr\/\",\"name\":\"1xbet t\u00fcrkiye g\u00fcvenilir bahis platformu resmi site spor bahisleri casino promosyonlar mobil uygulama avantajlar\",\"isPartOf\":{\"@id\":\"https:\/\/casino-bk-site41.top\/#website\"},\"datePublished\":\"2025-11-19T11:15:44+00:00\",\"dateModified\":\"2026-02-24T14:49:53+00:00\",\"description\":\"1xbet t\u00fcrkiye kullan\u0131c\u0131lar\u0131na spor bahisleri casino se\u00e7enekleri bonus f\u0131rsatlar\u0131 mobil giri\u015f y\u00f6ntemleri h\u0131zl\u0131 \u00f6deme \u00e7\u00f6z\u00fcmleri g\u00fcvenilir destek sunar\",\"breadcrumb\":{\"@id\":\"https:\/\/casino-bk-site41.top\/tr\/#breadcrumb\"},\"inLanguage\":\"ru-RU\",\"potentialAction\":[{\"@type\":\"ReadAction\",\"target\":[\"https:\/\/casino-bk-site41.top\/tr\/\"]}]},{\"@type\":\"BreadcrumbList\",\"@id\":\"https:\/\/casino-bk-site41.top\/tr\/#breadcrumb\",\"itemListElement\":[{\"@type\":\"ListItem\",\"position\":1,\"name\":\"\u0413\u043b\u0430\u0432\u043d\u0430\u044f \u0441\u0442\u0440\u0430\u043d\u0438\u0446\u0430\",\"item\":\"https:\/\/casino-bk-site41.top\/\"},{\"@type\":\"ListItem\",\"position\":2,\"name\":\"Main TR\"}]},{\"@type\":\"WebSite\",\"@id\":\"https:\/\/casino-bk-site41.top\/#website\",\"url\":\"https:\/\/casino-bk-site41.top\/\",\"name\":\"casino-bk-site41.top\",\"description\":\"\",\"potentialAction\":[{\"@type\":\"SearchAction\",\"target\":{\"@type\":\"EntryPoint\",\"urlTemplate\":\"https:\/\/casino-bk-site41.top\/?s={search_term_string}\"},\"query-input\":{\"@type\":\"PropertyValueSpecification\",\"valueRequired\":true,\"valueName\":\"search_term_string\"}}],\"inLanguage\":\"ru-RU\"}]}<\/script>\n<!-- \/ Yoast SEO plugin. -->","yoast_head_json":{"title":"1xbet t\u00fcrkiye g\u00fcvenilir bahis platformu resmi site spor bahisleri casino promosyonlar mobil uygulama avantajlar","description":"1xbet t\u00fcrkiye kullan\u0131c\u0131lar\u0131na spor bahisleri casino se\u00e7enekleri bonus f\u0131rsatlar\u0131 mobil giri\u015f y\u00f6ntemleri h\u0131zl\u0131 \u00f6deme \u00e7\u00f6z\u00fcmleri g\u00fcvenilir destek sunar","robots":{"index":"index","follow":"follow","max-snippet":"max-snippet:-1","max-image-preview":"max-image-preview:large","max-video-preview":"max-video-preview:-1"},"canonical":"https:\/\/casino-bk-site41.top\/tr\/","og_locale":"ru_RU","og_type":"article","og_title":"1xbet t\u00fcrkiye g\u00fcvenilir bahis platformu resmi site spor bahisleri casino promosyonlar mobil uygulama avantajlar","og_description":"1xbet t\u00fcrkiye kullan\u0131c\u0131lar\u0131na spor bahisleri casino se\u00e7enekleri bonus f\u0131rsatlar\u0131 mobil giri\u015f y\u00f6ntemleri h\u0131zl\u0131 \u00f6deme \u00e7\u00f6z\u00fcmleri g\u00fcvenilir destek sunar","og_url":"https:\/\/casino-bk-site41.top\/tr\/","og_site_name":"casino-bk-site41.top","article_modified_time":"2026-02-24T14:49:53+00:00","twitter_card":"summary_large_image","schema":{"@context":"https:\/\/schema.org","@graph":[{"@type":"WebPage","@id":"https:\/\/casino-bk-site41.top\/tr\/","url":"https:\/\/casino-bk-site41.top\/tr\/","name":"1xbet t\u00fcrkiye g\u00fcvenilir bahis platformu resmi site spor bahisleri casino promosyonlar mobil uygulama avantajlar","isPartOf":{"@id":"https:\/\/casino-bk-site41.top\/#website"},"datePublished":"2025-11-19T11:15:44+00:00","dateModified":"2026-02-24T14:49:53+00:00","description":"1xbet t\u00fcrkiye kullan\u0131c\u0131lar\u0131na spor bahisleri casino se\u00e7enekleri bonus f\u0131rsatlar\u0131 mobil giri\u015f y\u00f6ntemleri h\u0131zl\u0131 \u00f6deme \u00e7\u00f6z\u00fcmleri g\u00fcvenilir destek sunar","breadcrumb":{"@id":"https:\/\/casino-bk-site41.top\/tr\/#breadcrumb"},"inLanguage":"ru-RU","potentialAction":[{"@type":"ReadAction","target":["https:\/\/casino-bk-site41.top\/tr\/"]}]},{"@type":"BreadcrumbList","@id":"https:\/\/casino-bk-site41.top\/tr\/#breadcrumb","itemListElement":[{"@type":"ListItem","position":1,"name":"\u0413\u043b\u0430\u0432\u043d\u0430\u044f \u0441\u0442\u0440\u0430\u043d\u0438\u0446\u0430","item":"https:\/\/casino-bk-site41.top\/"},{"@type":"ListItem","position":2,"name":"Main TR"}]},{"@type":"WebSite","@id":"https:\/\/casino-bk-site41.top\/#website","url":"https:\/\/casino-bk-site41.top\/","name":"casino-bk-site41.top","description":"","potentialAction":[{"@type":"SearchAction","target":{"@type":"EntryPoint","urlTemplate":"https:\/\/casino-bk-site41.top\/?s={search_term_string}"},"query-input":{"@type":"PropertyValueSpecification","valueRequired":true,"valueName":"search_term_string"}}],"inLanguage":"ru-RU"}]}},"amp_enabled":true,"_links":{"self":[{"href":"https:\/\/casino-bk-site41.top\/wp-json\/wp\/v2\/pages\/2154","targetHints":{"allow":["GET"]}}],"collection":[{"href":"https:\/\/casino-bk-site41.top\/wp-json\/wp\/v2\/pages"}],"about":[{"href":"https:\/\/casino-bk-site41.top\/wp-json\/wp\/v2\/types\/page"}],"author":[{"embeddable":true,"href":"https:\/\/casino-bk-site41.top\/wp-json\/wp\/v2\/users\/1"}],"replies":[{"embeddable":true,"href":"https:\/\/casino-bk-site41.top\/wp-json\/wp\/v2\/comments?post=2154"}],"version-history":[{"count":3,"href":"https:\/\/casino-bk-site41.top\/wp-json\/wp\/v2\/pages\/2154\/revisions"}],"predecessor-version":[{"id":2400,"href":"https:\/\/casino-bk-site41.top\/wp-json\/wp\/v2\/pages\/2154\/revisions\/2400"}],"wp:attachment":[{"href":"https:\/\/casino-bk-site41.top\/wp-json\/wp\/v2\/media?parent=2154"}],"curies":[{"name":"wp","href":"https:\/\/api.w.org\/{rel}","templated":true}]}}